{"id":1496,"date":"2023-12-05T10:23:27","date_gmt":"2023-12-05T09:23:27","guid":{"rendered":"https:\/\/www.gymx.sk\/karrier\/"},"modified":"2024-05-30T14:47:28","modified_gmt":"2024-05-30T12:47:28","slug":"karrier","status":"publish","type":"page","link":"https:\/\/www.gymx.sk\/hu\/karrier\/","title":{"rendered":"Karrier"},"content":{"rendered":"<div class=\"wpb-content-wrapper\"><p>[vc_row css_animation=&#8221;&#8221; row_type=&#8221;row&#8221; use_row_as_full_screen_section=&#8221;no&#8221; type=&#8221;grid&#8221; angled_section=&#8221;no&#8221; text_align=&#8221;left&#8221; background_image_as_pattern=&#8221;without_pattern&#8221; bg_type=&#8221;bg_color&#8221; ult_hide_row=&#8221;ult_hide_row_value&#8221; ult_hide_row_large_screen=&#8221;large_screen&#8221; ult_hide_row_desktop=&#8221;desktop&#8221; ult_hide_row_tablet=&#8221;tablet&#8221; ult_hide_row_tablet_small=&#8221;xs_tablet&#8221; ult_hide_row_mobile=&#8221;mobile&#8221; ult_hide_row_mobile_large=&#8221;xl_mobile&#8221; z_index=&#8221;&#8221; bg_color_value=&#8221;#000000&#8243; css=&#8221;.vc_custom_1717063196618{padding-top: 30px !important;padding-bottom: 100px !important;}&#8221;][vc_column][vc_column_text]<\/p>\n<h2 style=\"text-align: left;\">Jelenlegi nyitott poz\u00edci\u00f3k<\/h2>\n<p>[\/vc_column_text][vc_column_text css=&#8221;.vc_custom_1712066424362{padding-top: 30px !important;padding-bottom: 10px !important;}&#8221;]<\/p>\n<h6 style=\"font-weight: 400; text-align: center;\">Jelenleg nincs nyitott poz\u00edci\u00f3nk \ud83d\ude41<\/h6>\n<p>[\/vc_column_text][\/vc_column][\/vc_row][vc_row css_animation=&#8221;&#8221; row_type=&#8221;row&#8221; use_row_as_full_screen_section=&#8221;no&#8221; type=&#8221;grid&#8221; angled_section=&#8221;no&#8221; text_align=&#8221;left&#8221; background_image_as_pattern=&#8221;without_pattern&#8221; bg_type=&#8221;bg_color&#8221; ult_hide_row=&#8221;ult_hide_row_value&#8221; ult_hide_row_large_screen=&#8221;large_screen&#8221; ult_hide_row_desktop=&#8221;desktop&#8221; ult_hide_row_tablet=&#8221;tablet&#8221; ult_hide_row_tablet_small=&#8221;xs_tablet&#8221; ult_hide_row_mobile=&#8221;mobile&#8221; ult_hide_row_mobile_large=&#8221;xl_mobile&#8221; z_index=&#8221;&#8221; bg_color_value=&#8221;#000000&#8243; css=&#8221;.vc_custom_1717062650463{padding-top: 30px !important;padding-bottom: 30px !important;}&#8221;][vc_column][vc_column_text]<\/p>\n<h2 style=\"text-align: left;\">Jelenlegi nyitott poz\u00edci\u00f3k<\/h2>\n<p>[\/vc_column_text][vc_column_text css=&#8221;.vc_custom_1705153644952{padding-bottom: 10px !important;}&#8221;]<\/p>\n<h5 style=\"font-weight: 400;\">L\u00e9gy a <strong>GymX<\/strong> csapat\u00e1nak r\u00e9sze<\/h5>\n<p>[\/vc_column_text]<div class=\"qode-accordion-holder clearfix qode-accordion qode-initial \">\n\t<h4 class=\"clearfix qode-title-holder\">\n<span class=\"qode-tab-title\">\n\t    <span class=\"qode-tab-title-inner\">\n        Recepci\u00f3s (reggeli m\u0171szak)    <\/span>\n<\/span>\n<span class=\"qode-accordion-mark\">\n    <span class=\"qode-accordion-mark-icon\">\n        <span class=\"icon_plus\"><\/span>\n        <span class=\"icon_minus-06\"><\/span>\n    <\/span>\n<\/span>\n<\/h4>\n<div  class=\"qode-accordion-content \" >\n    <div class=\"qode-accordion-content-inner\">\n        [vc_column_text css=&#8221;.vc_custom_1709554351539{padding-bottom: 10px !important;}&#8221;]<\/p>\n<p style=\"font-weight: 400;\">Keress\u00fck a csapatunk leg\u00fajabb tagj\u00e1t \u2013 egy reggeli m\u0171szakos recepci\u00f3st! Ha kor\u00e1n kel\u0151 vagy \u00e9s szeretsz emberekkel dolgozni, k\u00fcldd el nek\u00fcnk az \u00e9letrajzodat!<\/p>\n<p style=\"font-weight: 400;\"><strong>Munkaid\u0151:<\/strong> H\u00e9tf\u0151 \u2013 P\u00e9ntek, 5:30 \u2013 10:00<br \/>\n<strong>Foglalkoztat\u00e1s jellege:<\/strong> R\u00e9szmunkaid\u0151<\/p>\n<p>[\/vc_column_text][vc_column_text css=&#8221;.vc_custom_1701858304337{padding-bottom: 10px !important;}&#8221;]<\/p>\n<h5 style=\"font-weight: 400;\">Amit elv\u00e1runk t\u0151led:<\/h5>\n<p>[\/vc_column_text][vc_column_text css=&#8221;.vc_custom_1706272710012{padding-bottom: 10px !important;}&#8221;]<\/p>\n<p style=\"font-weight: 400;\">A magyar \u00e9s szlov\u00e1k nyelv haszn\u00e1lata sz\u00e1modra term\u00e9szetes<\/p>\n<p style=\"font-weight: 400;\">Vev\u0151k\u00f6zpont\u00fa szeml\u00e9leted van \u00e9s pozit\u00edvan \u00e1llsz a munk\u00e1hoz<\/p>\n<p style=\"font-weight: 400;\">\u00c1ltal\u00e1nos k\u00e9szs\u00e9gekkel rendelkezel a recepci\u00f3si munkak\u00f6r ell\u00e1t\u00e1s\u00e1hoz, mint p\u00e9ld\u00e1ul a p\u00e9nzt\u00e1rg\u00e9p kezel\u00e9se, megrendel\u00e9sek \u00e1tv\u00e9tele \u00e9s egy\u00e9b feladatok<\/p>\n<p style=\"font-weight: 400;\">Felel\u0151ss\u00e9gteljes munkav\u00e9gz\u00e9s<\/p>\n<p>\u00c9s nem utols\u00f3 sorban, akt\u00edv r\u00e9szese leszel a pozit\u00edv k\u00f6rnyezet kialak\u00edt\u00e1s\u00e1nak az edz\u0151teremben[\/vc_column_text][vc_column_text css=&#8221;.vc_custom_1701858344616{padding-bottom: 10px !important;}&#8221;]<\/p>\n<h5 style=\"font-weight: 400;\">Amit ny\u00fajtani tudunk<\/h5>\n<p>[\/vc_column_text][vc_column_text css=&#8221;.vc_custom_1709554508240{padding-bottom: 10px !important;}&#8221;]<\/p>\n<p style=\"font-weight: 400;\">R\u00e9szese leszel egy sz\u00e9d\u00fcletes hangulat\u00fa edz\u0151teremnek<\/p>\n<p style=\"font-weight: 400;\">Nagyszer\u0171 k\u00f6z\u00f6ss\u00e9g, ahol nem fogsz unatkozni<\/p>\n<p style=\"font-weight: 400;\">N\u00e1lunk nem csak egy sz\u00e1m leszel. Fontosnak tartjuk szem\u00e9lyes kapcsolatok kialak\u00edt\u00e1s\u00e1t, \u00e9s minden helyzetben t\u00e1mogatjuk egym\u00e1st.<\/p>\n<p>[\/vc_column_text][vc_column_text css=&#8221;.vc_custom_1706272801611{padding-bottom: 10px !important;}&#8221;]<\/p>\n<p style=\"font-weight: 400;\">Ha \u00fagy gondolod, megfelel\u0151 jel\u00f6lt lenn\u00e9l, k\u00fcldd el az \u00f6n\u00e9letrajzod!<\/p>\n<p>[\/vc_column_text][vc_column_text css=&#8221;.vc_custom_1705056343856{padding-bottom: 10px !important;}&#8221;]<\/p>\n<p style=\"font-weight: 400;\"><a href=\"mailto:kariera@gymx.sk\">kariera@gymx.sk<\/a><\/p>\n<p>[\/vc_column_text]    <\/div>\n<\/div><\/div><div class=\"qode-accordion-holder clearfix qode-accordion qode-initial \">\n\t<h4 class=\"clearfix qode-title-holder\">\n<span class=\"qode-tab-title\">\n\t    <span class=\"qode-tab-title-inner\">\n        Recepci\u00f3s    <\/span>\n<\/span>\n<span class=\"qode-accordion-mark\">\n    <span class=\"qode-accordion-mark-icon\">\n        <span class=\"icon_plus\"><\/span>\n        <span class=\"icon_minus-06\"><\/span>\n    <\/span>\n<\/span>\n<\/h4>\n<div  class=\"qode-accordion-content \" >\n    <div class=\"qode-accordion-content-inner\">\n        [vc_column_text css=&#8221;.vc_custom_1706272780331{padding-bottom: 10px !important;}&#8221;]<\/p>\n<p style=\"font-weight: 400;\">Rugalmas munk\u00e1t keresel? Lehet\u0151s\u00e9g szerint egy kellemes k\u00f6rnyezetben \u00e9s nagyszer\u0171 emberekkel k\u00f6r\u00fclv\u00e9ve? Ha kommunikat\u00edv vagy \u00e9s pozit\u00edvan viszonyulsz a sporthoz, ne habozz \u00e9s csatlakozz <strong>X<\/strong> csapatunkhoz!<\/p>\n<p>[\/vc_column_text][vc_column_text css=&#8221;.vc_custom_1701858304337{padding-bottom: 10px !important;}&#8221;]<\/p>\n<h5 style=\"font-weight: 400;\">Amit elv\u00e1runk t\u0151led:<\/h5>\n<p>[\/vc_column_text][vc_column_text css=&#8221;.vc_custom_1706272710012{padding-bottom: 10px !important;}&#8221;]<\/p>\n<p style=\"font-weight: 400;\">A magyar \u00e9s szlov\u00e1k nyelv haszn\u00e1lata sz\u00e1modra term\u00e9szetes<\/p>\n<p style=\"font-weight: 400;\">Vev\u0151k\u00f6zpont\u00fa szeml\u00e9leted van \u00e9s pozit\u00edvan \u00e1llsz a munk\u00e1hoz<\/p>\n<p style=\"font-weight: 400;\">\u00c1ltal\u00e1nos k\u00e9szs\u00e9gekkel rendelkezel a recepci\u00f3si munkak\u00f6r ell\u00e1t\u00e1s\u00e1hoz, mint p\u00e9ld\u00e1ul a p\u00e9nzt\u00e1rg\u00e9p kezel\u00e9se, megrendel\u00e9sek \u00e1tv\u00e9tele \u00e9s egy\u00e9b feladatok<\/p>\n<p style=\"font-weight: 400;\">Felel\u0151ss\u00e9gteljes munkav\u00e9gz\u00e9s<\/p>\n<p>\u00c9s nem utols\u00f3 sorban, akt\u00edv r\u00e9szese leszel a pozit\u00edv k\u00f6rnyezet kialak\u00edt\u00e1s\u00e1nak az edz\u0151teremben[\/vc_column_text][vc_column_text css=&#8221;.vc_custom_1701858344616{padding-bottom: 10px !important;}&#8221;]<\/p>\n<h5 style=\"font-weight: 400;\">Amit ny\u00fajtani tudunk<\/h5>\n<p>[\/vc_column_text][vc_column_text css=&#8221;.vc_custom_1701941835472{padding-bottom: 10px !important;}&#8221;]<\/p>\n<p style=\"font-weight: 400;\">R\u00e9szese leszel egy sz\u00e9d\u00fcletes hangulat\u00fa edz\u0151teremnek<\/p>\n<p style=\"font-weight: 400;\">Nagyszer\u0171 k\u00f6z\u00f6ss\u00e9g, ahol nem fogsz unatkozni<\/p>\n<p style=\"font-weight: 400;\">Flexibilis munkaid\u0151<\/p>\n<p style=\"font-weight: 400;\">N\u00e1lunk nem csak egy sz\u00e1m leszel. Fontosnak tartjuk szem\u00e9lyes kapcsolatok kialak\u00edt\u00e1s\u00e1t, \u00e9s minden helyzetben t\u00e1mogatjuk egym\u00e1st.<\/p>\n<p>[\/vc_column_text][vc_column_text css=&#8221;.vc_custom_1706272801611{padding-bottom: 10px !important;}&#8221;]<\/p>\n<p style=\"font-weight: 400;\">Ha \u00fagy gondolod, megfelel\u0151 jel\u00f6lt lenn\u00e9l, k\u00fcldd el az \u00f6n\u00e9letrajzod!<\/p>\n<p>[\/vc_column_text][vc_column_text css=&#8221;.vc_custom_1705056343856{padding-bottom: 10px !important;}&#8221;]<\/p>\n<p style=\"font-weight: 400;\"><a href=\"mailto:kariera@gymx.sk\">kariera@gymx.sk<\/a><\/p>\n<p>[\/vc_column_text]    <\/div>\n<\/div><\/div>[\/vc_column][\/vc_row][vc_row css_animation=&#8221;&#8221; row_type=&#8221;row&#8221; use_row_as_full_screen_section=&#8221;no&#8221; type=&#8221;grid&#8221; angled_section=&#8221;no&#8221; text_align=&#8221;left&#8221; background_image_as_pattern=&#8221;without_pattern&#8221; bg_type=&#8221;bg_color&#8221; ult_hide_row=&#8221;ult_hide_row_value&#8221; z_index=&#8221;&#8221; bg_color_value=&#8221;#000000&#8243; css=&#8221;.vc_custom_1717063217683{padding-top: 30px !important;padding-bottom: 30px !important;}&#8221;][vc_column][vc_column_text]<\/p>\n<h2 style=\"text-align: left;\">Jelenlegi nyitott poz\u00edci\u00f3k<\/h2>\n<p>[\/vc_column_text][vc_column_text css=&#8221;.vc_custom_1705153644952{padding-bottom: 10px !important;}&#8221;]<\/p>\n<h5 style=\"font-weight: 400;\">L\u00e9gy a <strong>GymX<\/strong> csapat\u00e1nak r\u00e9sze<\/h5>\n<p>[\/vc_column_text]<div class=\"qode-accordion-holder clearfix qode-accordion qode-initial \">\n\t<h4 class=\"clearfix qode-title-holder\">\n<span class=\"qode-tab-title\">\n\t    <span class=\"qode-tab-title-inner\">\n        Takar\u00edt\u00f3n\u0151    <\/span>\n<\/span>\n<span class=\"qode-accordion-mark\">\n    <span class=\"qode-accordion-mark-icon\">\n        <span class=\"icon_plus\"><\/span>\n        <span class=\"icon_minus-06\"><\/span>\n    <\/span>\n<\/span>\n<\/h4>\n<div  class=\"qode-accordion-content \" >\n    <div class=\"qode-accordion-content-inner\">\n        [vc_column_text css=&#8221;.vc_custom_1717063392793{padding-bottom: 10px !important;}&#8221;]<\/p>\n<p style=\"font-weight: 400;\">Keress\u00fck csapatunk leg\u00fajabb tagj\u00e1t \u2013 takar\u00edt\u00f3n\u0151t!<\/p>\n<p>[\/vc_column_text][vc_column_text css=&#8221;.vc_custom_1717063403150{padding-bottom: 10px !important;}&#8221;]<strong>Munkak\u00f6r: Fitneszterem teljesk\u00f6r\u0171 takar\u00edt\u00e1sa (\u00f6lt\u00f6z\u0151k, szoci\u00e1lis helyis\u00e9gek, padl\u00f3k, t\u00fckr\u00f6k, g\u00e9pek tiszt\u00edt\u00e1sa)<\/strong>[\/vc_column_text][vc_column_text css=&#8221;.vc_custom_1717063447832{padding-bottom: 10px !important;}&#8221;]<\/p>\n<p style=\"font-weight: 400;\"><strong>Munkaid\u0151: <\/strong>H\u00e9tf\u0151 \u2013 P\u00e9ntek, 22:00 \u2013 1:30<br \/>\nMinden m\u00e1sodik h\u00e9tv\u00e9ge, 20:00 \u2013 2:00<\/p>\n<p>[\/vc_column_text][vc_column_text css=&#8221;.vc_custom_1717063456305{padding-bottom: 10px !important;}&#8221;]<\/p>\n<p style=\"font-weight: 400;\"><strong>Munkaviszony t\u00edpusayp:<\/strong> brig\u00e1dmunka<\/p>\n<p>[\/vc_column_text][vc_column_text css=&#8221;.vc_custom_1701858304337{padding-bottom: 10px !important;}&#8221;]<\/p>\n<h5 style=\"font-weight: 400;\">Amit elv\u00e1runk t\u0151led:<\/h5>\n<p>[\/vc_column_text][vc_column_text css=&#8221;.vc_custom_1717063026381{padding-bottom: 10px !important;}&#8221;]<\/p>\n<ul class=\"vypis\">\n<li>Megb\u00edzhat\u00f3s\u00e1g.<\/li>\n<li>\u00d6n\u00e1ll\u00f3s\u00e1g.<\/li>\n<li>Kezdem\u00e9nyez\u0151 hozz\u00e1\u00e1ll\u00e1s a munk\u00e1hoz.<\/li>\n<li>Rugalmass\u00e1g.<\/li>\n<\/ul>\n<p>[\/vc_column_text][vc_column_text css=&#8221;.vc_custom_1717073085269{padding-bottom: 10px !important;}&#8221;]<\/p>\n<p style=\"font-weight: 400;\">Ha \u00fagy gondolod, hogy te vagy az igazi, k\u00fcldd el \u00f6n\u00e9letrajzodat a <a href=\"mailto:kariera@gymx.sk\">kariera@gymx.sk<\/a> c\u00edmre, vagy h\u00edvd a 0940643016 telefonsz\u00e1mot.<\/p>\n<p>[\/vc_column_text]    <\/div>\n<\/div><\/div>[\/vc_column][\/vc_row][vc_row css_animation=&#8221;&#8221; row_type=&#8221;row&#8221; use_row_as_full_screen_section=&#8221;no&#8221; type=&#8221;grid&#8221; angled_section=&#8221;no&#8221; text_align=&#8221;left&#8221; background_image_as_pattern=&#8221;without_pattern&#8221; bg_type=&#8221;bg_color&#8221; bg_color_value=&#8221;#141414&#8243; z_index=&#8221;&#8221; css=&#8221;.vc_custom_1705057001420{padding-top: 30px !important;padding-bottom: 50px !important;}&#8221;][vc_column width=&#8221;1\/4&#8243; css=&#8221;.vc_custom_1705060753050{margin-top: 20px !important;}&#8221;][vc_column_text]<img loading=\"lazy\" decoding=\"async\" class=\"alignnone wp-image-873\" src=\"https:\/\/www.gymx.sk\/wp-content\/uploads\/2018\/04\/logo-header-medium-300x167.png\" alt=\"\" width=\"180\" height=\"100\" srcset=\"https:\/\/www.gymx.sk\/wp-content\/uploads\/2018\/04\/logo-header-medium-300x167.png 300w, https:\/\/www.gymx.sk\/wp-content\/uploads\/2018\/04\/logo-header-medium.png 320w\" sizes=\"(max-width: 180px) 100vw, 180px\" \/>[\/vc_column_text][\/vc_column][vc_column width=&#8221;1\/4&#8243; css=&#8221;.vc_custom_1705060763291{margin-top: 20px !important;}&#8221;][vc_column_text css=&#8221;.vc_custom_1705060851220{padding-bottom: 12px !important;}&#8221;]<\/p>\n<h6><strong>Kapcsolat<\/strong><\/h6>\n<p>[\/vc_column_text][vc_column_text css=&#8221;.vc_custom_1705060861308{padding-bottom: 7px !important;}&#8221;]email: <a href=\"mailto:info@gymx.sk\">info@gymx.sk<\/a>[\/vc_column_text][vc_column_text]c\u00edm: R\u00e1k\u00f3czi utca 233,[\/vc_column_text][vc_column_text]945 01 Kom\u00e1rno[\/vc_column_text][\/vc_column][vc_column width=&#8221;1\/4&#8243; css=&#8221;.vc_custom_1705060774332{margin-top: 20px !important;}&#8221;][vc_column_text css=&#8221;.vc_custom_1705056733892{padding-bottom: 12px !important;}&#8221;]<\/p>\n<h6><strong>Hasznos linkek<\/strong><\/h6>\n<p>[\/vc_column_text][vc_column_text css=&#8221;.vc_custom_1705844395685{padding-bottom: 7px !important;}&#8221;]<a href=\"https:\/\/www.gymx.sk\/hu\/tobb-a-suti-fajlokrol\/\">S\u00fctiket haszn\u00e1lunk<\/a>[\/vc_column_text][vc_column_text css=&#8221;.vc_custom_1705056759260{padding-bottom: 7px !important;}&#8221;]<a href=\"https:\/\/www.gymx.sk\/hu\/szemelyes-adatok-vedelme\/\">Szem\u00e9lyes adatok v\u00e9delme<\/a>[\/vc_column_text][vc_column_text]<a href=\"https:\/\/www.gymx.sk\/hu\/karrier\/\">Karrier<\/a>[\/vc_column_text][\/vc_column][vc_column width=&#8221;1\/4&#8243; css=&#8221;.vc_custom_1705060785541{margin-top: 20px !important;}&#8221;][vc_column_text css=&#8221;.vc_custom_1705056772722{padding-bottom: 12px !important;}&#8221;]<\/p>\n<h5>K\u00f6vess minket<\/h5>\n<p>[\/vc_column_text]<span class='q_social_icon_holder normal_social' data-color=#767676 data-hover-color=#d2fd4e><a itemprop='url' href='https:\/\/www.instagram.com\/gymx_komarno\/' target='_blank'><i class=\"qode_icon_font_awesome fa fa-instagram  simple_social\" style=\"color: #767676;font-size: 30px;\" ><\/i><\/a><\/span><span class='q_social_icon_holder normal_social' data-color=#767676 data-hover-color=#d2fd4e><a itemprop='url' href='https:\/\/www.facebook.com\/profile.php?id=61555695323728' target='_blank'><i class=\"qode_icon_font_awesome fa fa-facebook  simple_social\" style=\"color: #767676;font-size: 30px;\" ><\/i><\/a><\/span>[\/vc_column][\/vc_row]<\/p>\n<\/div>","protected":false},"excerpt":{"rendered":"<p>[vc_row css_animation=&#8221;&#8221; row_type=&#8221;row&#8221; use_row_as_full_screen_section=&#8221;no&#8221; type=&#8221;grid&#8221; angled_section=&#8221;no&#8221; text_align=&#8221;left&#8221; background_image_as_pattern=&#8221;without_pattern&#8221; bg_type=&#8221;bg_color&#8221; ult_hide_row=&#8221;ult_hide_row_value&#8221; ult_hide_row_large_screen=&#8221;large_screen&#8221; ult_hide_row_desktop=&#8221;desktop&#8221; ult_hide_row_tablet=&#8221;tablet&#8221; ult_hide_row_tablet_small=&#8221;xs_tablet&#8221; ult_hide_row_mobile=&#8221;mobile&#8221; ult_hide_row_mobile_large=&#8221;xl_mobile&#8221; z_index=&#8221;&#8221; bg_color_value=&#8221;#000000&#8243; css=&#8221;.vc_custom_1717063196618{padding-top: 30px !important;padding-bottom: 100px !important;}&#8221;][vc_column][vc_column_text] Jelenlegi nyitott poz\u00edci\u00f3k [\/vc_column_text][vc_column_text css=&#8221;.vc_custom_1712066424362{padding-top: 30px !important;padding-bottom: 10px !important;}&#8221;] Jelenleg nincs nyitott poz\u00edci\u00f3nk \ud83d\ude41 [\/vc_column_text][\/vc_column][\/vc_row][vc_row css_animation=&#8221;&#8221; row_type=&#8221;row&#8221; use_row_as_full_screen_section=&#8221;no&#8221; type=&#8221;grid&#8221; angled_section=&#8221;no&#8221; text_align=&#8221;left&#8221; background_image_as_pattern=&#8221;without_pattern&#8221;&#8230;<\/p>\n","protected":false},"author":1,"featured_media":0,"parent":0,"menu_order":0,"comment_status":"closed","ping_status":"closed","template":"full_width.php","meta":{"footnotes":""},"class_list":["post-1496","page","type-page","status-publish","hentry"],"yoast_head":"<!-- This site is optimized with the Yoast SEO plugin v23.7 - https:\/\/yoast.com\/wordpress\/plugins\/seo\/ -->\n<title>Karrier | GymX<\/title>\n<meta name=\"description\" content=\"\u00c9rdekel a fitnesz vil\u00e1ga? Az edz\u0151terem az egyik kedvenc helyed? Kommunikat\u00edv vagy \u00e9s sz\u00edvesen dolgozol emberekkel? Csatlakozz hozz\u00e1nk, \u00e9s l\u00e9gy az X csapat tagja!\" \/>\n<meta name=\"robots\" content=\"index, follow, max-snippet:-1, max-image-preview:large, max-video-preview:-1\" \/>\n<link rel=\"canonical\" href=\"https:\/\/www.gymx.sk\/hu\/karrier\/\" \/>\n<meta property=\"og:locale\" content=\"hu_HU\" \/>\n<meta property=\"og:type\" content=\"article\" \/>\n<meta property=\"og:title\" content=\"Karrier | GymX\" \/>\n<meta property=\"og:description\" content=\"\u00c9rdekel a fitnesz vil\u00e1ga? Az edz\u0151terem az egyik kedvenc helyed? Kommunikat\u00edv vagy \u00e9s sz\u00edvesen dolgozol emberekkel? Csatlakozz hozz\u00e1nk, \u00e9s l\u00e9gy az X csapat tagja!\" \/>\n<meta property=\"og:url\" content=\"https:\/\/www.gymx.sk\/hu\/karrier\/\" \/>\n<meta property=\"og:site_name\" content=\"GymX\" \/>\n<meta property=\"article:modified_time\" content=\"2024-05-30T12:47:28+00:00\" \/>\n<meta property=\"og:image\" content=\"https:\/\/www.gymx.sk\/wp-content\/uploads\/2018\/04\/logo-header-medium-300x167.png\" \/>\n<meta name=\"twitter:card\" content=\"summary_large_image\" \/>\n<meta name=\"twitter:label1\" content=\"Becs\u00fclt olvas\u00e1si id\u0151\" \/>\n\t<meta name=\"twitter:data1\" content=\"3 perc\" \/>\n<script type=\"application\/ld+json\" class=\"yoast-schema-graph\">{\"@context\":\"https:\/\/schema.org\",\"@graph\":[{\"@type\":\"WebPage\",\"@id\":\"https:\/\/www.gymx.sk\/hu\/karrier\/\",\"url\":\"https:\/\/www.gymx.sk\/hu\/karrier\/\",\"name\":\"Karrier | GymX\",\"isPartOf\":{\"@id\":\"https:\/\/www.gymx.sk\/#website\"},\"primaryImageOfPage\":{\"@id\":\"https:\/\/www.gymx.sk\/hu\/karrier\/#primaryimage\"},\"image\":{\"@id\":\"https:\/\/www.gymx.sk\/hu\/karrier\/#primaryimage\"},\"thumbnailUrl\":\"https:\/\/www.gymx.sk\/wp-content\/uploads\/2018\/04\/logo-header-medium-300x167.png\",\"datePublished\":\"2023-12-05T09:23:27+00:00\",\"dateModified\":\"2024-05-30T12:47:28+00:00\",\"description\":\"\u00c9rdekel a fitnesz vil\u00e1ga? Az edz\u0151terem az egyik kedvenc helyed? Kommunikat\u00edv vagy \u00e9s sz\u00edvesen dolgozol emberekkel? Csatlakozz hozz\u00e1nk, \u00e9s l\u00e9gy az X csapat tagja!\",\"breadcrumb\":{\"@id\":\"https:\/\/www.gymx.sk\/hu\/karrier\/#breadcrumb\"},\"inLanguage\":\"hu\",\"potentialAction\":[{\"@type\":\"ReadAction\",\"target\":[\"https:\/\/www.gymx.sk\/hu\/karrier\/\"]}]},{\"@type\":\"ImageObject\",\"inLanguage\":\"hu\",\"@id\":\"https:\/\/www.gymx.sk\/hu\/karrier\/#primaryimage\",\"url\":\"https:\/\/www.gymx.sk\/wp-content\/uploads\/2018\/04\/logo-header-medium-300x167.png\",\"contentUrl\":\"https:\/\/www.gymx.sk\/wp-content\/uploads\/2018\/04\/logo-header-medium-300x167.png\"},{\"@type\":\"BreadcrumbList\",\"@id\":\"https:\/\/www.gymx.sk\/hu\/karrier\/#breadcrumb\",\"itemListElement\":[{\"@type\":\"ListItem\",\"position\":1,\"name\":\"Domovsk\u00e1 str\u00e1nka\",\"item\":\"https:\/\/www.gymx.sk\/hu\/honlap\/\"},{\"@type\":\"ListItem\",\"position\":2,\"name\":\"Karrier\"}]},{\"@type\":\"WebSite\",\"@id\":\"https:\/\/www.gymx.sk\/#website\",\"url\":\"https:\/\/www.gymx.sk\/\",\"name\":\"GymX\",\"description\":\"Tvoje svetov\u00e9 fitko!\",\"publisher\":{\"@id\":\"https:\/\/www.gymx.sk\/#organization\"},\"potentialAction\":[{\"@type\":\"SearchAction\",\"target\":{\"@type\":\"EntryPoint\",\"urlTemplate\":\"https:\/\/www.gymx.sk\/?s={search_term_string}\"},\"query-input\":{\"@type\":\"PropertyValueSpecification\",\"valueRequired\":true,\"valueName\":\"search_term_string\"}}],\"inLanguage\":\"hu\"},{\"@type\":\"Organization\",\"@id\":\"https:\/\/www.gymx.sk\/#organization\",\"name\":\"GymX\",\"url\":\"https:\/\/www.gymx.sk\/\",\"logo\":{\"@type\":\"ImageObject\",\"inLanguage\":\"hu\",\"@id\":\"https:\/\/www.gymx.sk\/#\/schema\/logo\/image\/\",\"url\":\"https:\/\/www.gymx.sk\/wp-content\/uploads\/2018\/04\/logo-header-medium-dark.png\",\"contentUrl\":\"https:\/\/www.gymx.sk\/wp-content\/uploads\/2018\/04\/logo-header-medium-dark.png\",\"width\":320,\"height\":178,\"caption\":\"GymX\"},\"image\":{\"@id\":\"https:\/\/www.gymx.sk\/#\/schema\/logo\/image\/\"}}]}<\/script>\n<!-- \/ Yoast SEO plugin. -->","yoast_head_json":{"title":"Karrier | GymX","description":"\u00c9rdekel a fitnesz vil\u00e1ga? Az edz\u0151terem az egyik kedvenc helyed? Kommunikat\u00edv vagy \u00e9s sz\u00edvesen dolgozol emberekkel? Csatlakozz hozz\u00e1nk, \u00e9s l\u00e9gy az X csapat tagja!","robots":{"index":"index","follow":"follow","max-snippet":"max-snippet:-1","max-image-preview":"max-image-preview:large","max-video-preview":"max-video-preview:-1"},"canonical":"https:\/\/www.gymx.sk\/hu\/karrier\/","og_locale":"hu_HU","og_type":"article","og_title":"Karrier | GymX","og_description":"\u00c9rdekel a fitnesz vil\u00e1ga? Az edz\u0151terem az egyik kedvenc helyed? Kommunikat\u00edv vagy \u00e9s sz\u00edvesen dolgozol emberekkel? Csatlakozz hozz\u00e1nk, \u00e9s l\u00e9gy az X csapat tagja!","og_url":"https:\/\/www.gymx.sk\/hu\/karrier\/","og_site_name":"GymX","article_modified_time":"2024-05-30T12:47:28+00:00","og_image":[{"url":"https:\/\/www.gymx.sk\/wp-content\/uploads\/2018\/04\/logo-header-medium-300x167.png"}],"twitter_card":"summary_large_image","twitter_misc":{"Becs\u00fclt olvas\u00e1si id\u0151":"3 perc"},"schema":{"@context":"https:\/\/schema.org","@graph":[{"@type":"WebPage","@id":"https:\/\/www.gymx.sk\/hu\/karrier\/","url":"https:\/\/www.gymx.sk\/hu\/karrier\/","name":"Karrier | GymX","isPartOf":{"@id":"https:\/\/www.gymx.sk\/#website"},"primaryImageOfPage":{"@id":"https:\/\/www.gymx.sk\/hu\/karrier\/#primaryimage"},"image":{"@id":"https:\/\/www.gymx.sk\/hu\/karrier\/#primaryimage"},"thumbnailUrl":"https:\/\/www.gymx.sk\/wp-content\/uploads\/2018\/04\/logo-header-medium-300x167.png","datePublished":"2023-12-05T09:23:27+00:00","dateModified":"2024-05-30T12:47:28+00:00","description":"\u00c9rdekel a fitnesz vil\u00e1ga? Az edz\u0151terem az egyik kedvenc helyed? Kommunikat\u00edv vagy \u00e9s sz\u00edvesen dolgozol emberekkel? Csatlakozz hozz\u00e1nk, \u00e9s l\u00e9gy az X csapat tagja!","breadcrumb":{"@id":"https:\/\/www.gymx.sk\/hu\/karrier\/#breadcrumb"},"inLanguage":"hu","potentialAction":[{"@type":"ReadAction","target":["https:\/\/www.gymx.sk\/hu\/karrier\/"]}]},{"@type":"ImageObject","inLanguage":"hu","@id":"https:\/\/www.gymx.sk\/hu\/karrier\/#primaryimage","url":"https:\/\/www.gymx.sk\/wp-content\/uploads\/2018\/04\/logo-header-medium-300x167.png","contentUrl":"https:\/\/www.gymx.sk\/wp-content\/uploads\/2018\/04\/logo-header-medium-300x167.png"},{"@type":"BreadcrumbList","@id":"https:\/\/www.gymx.sk\/hu\/karrier\/#breadcrumb","itemListElement":[{"@type":"ListItem","position":1,"name":"Domovsk\u00e1 str\u00e1nka","item":"https:\/\/www.gymx.sk\/hu\/honlap\/"},{"@type":"ListItem","position":2,"name":"Karrier"}]},{"@type":"WebSite","@id":"https:\/\/www.gymx.sk\/#website","url":"https:\/\/www.gymx.sk\/","name":"GymX","description":"Tvoje svetov\u00e9 fitko!","publisher":{"@id":"https:\/\/www.gymx.sk\/#organization"},"potentialAction":[{"@type":"SearchAction","target":{"@type":"EntryPoint","urlTemplate":"https:\/\/www.gymx.sk\/?s={search_term_string}"},"query-input":{"@type":"PropertyValueSpecification","valueRequired":true,"valueName":"search_term_string"}}],"inLanguage":"hu"},{"@type":"Organization","@id":"https:\/\/www.gymx.sk\/#organization","name":"GymX","url":"https:\/\/www.gymx.sk\/","logo":{"@type":"ImageObject","inLanguage":"hu","@id":"https:\/\/www.gymx.sk\/#\/schema\/logo\/image\/","url":"https:\/\/www.gymx.sk\/wp-content\/uploads\/2018\/04\/logo-header-medium-dark.png","contentUrl":"https:\/\/www.gymx.sk\/wp-content\/uploads\/2018\/04\/logo-header-medium-dark.png","width":320,"height":178,"caption":"GymX"},"image":{"@id":"https:\/\/www.gymx.sk\/#\/schema\/logo\/image\/"}}]}},"_links":{"self":[{"href":"https:\/\/www.gymx.sk\/hu\/wp-json\/wp\/v2\/pages\/1496"}],"collection":[{"href":"https:\/\/www.gymx.sk\/hu\/wp-json\/wp\/v2\/pages"}],"about":[{"href":"https:\/\/www.gymx.sk\/hu\/wp-json\/wp\/v2\/types\/page"}],"author":[{"embeddable":true,"href":"https:\/\/www.gymx.sk\/hu\/wp-json\/wp\/v2\/users\/1"}],"replies":[{"embeddable":true,"href":"https:\/\/www.gymx.sk\/hu\/wp-json\/wp\/v2\/comments?post=1496"}],"version-history":[{"count":7,"href":"https:\/\/www.gymx.sk\/hu\/wp-json\/wp\/v2\/pages\/1496\/revisions"}],"predecessor-version":[{"id":2443,"href":"https:\/\/www.gymx.sk\/hu\/wp-json\/wp\/v2\/pages\/1496\/revisions\/2443"}],"wp:attachment":[{"href":"https:\/\/www.gymx.sk\/hu\/wp-json\/wp\/v2\/media?parent=1496"}],"curies":[{"name":"wp","href":"https:\/\/api.w.org\/{rel}","templated":true}]}}