{"id":1514,"date":"2023-12-08T15:04:32","date_gmt":"2023-12-08T14:04:32","guid":{"rendered":"https:\/\/www.gymx.sk\/tobb-a-suti-fajlokrol\/"},"modified":"2024-05-20T15:35:51","modified_gmt":"2024-05-20T13:35:51","slug":"tobb-a-suti-fajlokrol","status":"publish","type":"page","link":"https:\/\/www.gymx.sk\/hu\/tobb-a-suti-fajlokrol\/","title":{"rendered":"T\u00f6bb a s\u00fcti f\u00e1jlokr\u00f3l"},"content":{"rendered":"<div class=\"wpb-content-wrapper\"><p>[vc_row css_animation=&#8221;&#8221; row_type=&#8221;row&#8221; use_row_as_full_screen_section=&#8221;no&#8221; type=&#8221;grid&#8221; angled_section=&#8221;no&#8221; text_align=&#8221;left&#8221; background_image_as_pattern=&#8221;without_pattern&#8221; bg_type=&#8221;bg_color&#8221; z_index=&#8221;&#8221; bg_color_value=&#8221;#000000&#8243;][vc_column][vc_column_text css=&#8221;.vc_custom_1705220350790{padding-bottom: 19px !important;}&#8221;]<\/p>\n<h2><strong>A weboldalunk s\u00fctiket haszn\u00e1l<\/strong><\/h2>\n<p>[\/vc_column_text][vc_column_text css=&#8221;.vc_custom_1702284298437{padding-bottom: 14px !important;}&#8221;]<\/p>\n<h5>S\u00fcti f\u00e1jlok<\/h5>\n<p>[\/vc_column_text][vc_column_text css=&#8221;.vc_custom_1705860927488{padding-bottom: 26px !important;}&#8221;]Weboldalunk megfelel\u0151 m\u0171k\u00f6d\u00e9s\u00e9nek biztos\u00edt\u00e1sa \u00e9rdek\u00e9ben helyenk\u00e9t kis adatf\u00e1jlokat t\u00e1rolunk az \u00f6n k\u00e9sz\u00fcl\u00e9k\u00e9n, ezek az \u00fan. s\u00fctik. Ez a weboldal s\u00fctiket haszn\u00e1l a forgalom elemz\u00e9s\u00e9re. Ezen s\u00fctik n\u00e9melyike \u200b\u200bn\u00e9lk\u00fcl\u00f6zhetetlen a weboldal m\u0171k\u00f6d\u00e9s\u00e9hez.<\/p>\n<p>[\/vc_column_text][vc_column_text css=&#8221;.vc_custom_1702284305577{padding-bottom: 14px !important;}&#8221;]<\/p>\n<h5>Mik a s\u00fcti f\u00e1jlok?<\/h5>\n<p>[\/vc_column_text][vc_column_text css=&#8221;.vc_custom_1705860936061{padding-bottom: 26px !important;}&#8221;]A s\u00fcti egy sz\u00f6veges f\u00e1jl, amit a weboldal l\u00e1togat\u00f3j\u00e1nak sz\u00e1m\u00edt\u00f3g\u00e9p\u00e9n, mobiltelefonj\u00e1n vagy egy\u00e9b, internetes hozz\u00e1f\u00e9r\u00e9st biztos\u00edt\u00f3 eszk\u00f6z\u00e9n hozhat l\u00e9tre a weboldalt megjelen\u00edt\u0151 program. Ezek a f\u00e1jlok lehet\u0151v\u00e9 teszik a felhaszn\u00e1l\u00f3 internetez\u00e9sre haszn\u00e1lt eszk\u00f6z\u00e9nek felismer\u00e9s\u00e9t, \u00edgy relev\u00e1ns, a felhaszn\u00e1l\u00f3 ig\u00e9nyeihez igaz\u00edtott tartalom megjelen\u00edt\u00e9s\u00e9t (mint felhaszn\u00e1l\u00f3i n\u00e9v, nyelv, bet\u0171 m\u00e9ret \u00e9s egy\u00e9b megjelen\u00edt\u00e9si be\u00e1ll\u00edt\u00e1sok), \u00edgy a k\u00f6vetkez\u0151 bejelentkez\u00e9skor m\u00e1r nem sz\u00fcks\u00e9ges ezen adatok ism\u00e9telt megad\u00e1sa.<\/p>\n<p>[\/vc_column_text][vc_column_text css=&#8221;.vc_custom_1702044500169{padding-bottom: 14px !important;}&#8221;]<\/p>\n<h5>Hogyan haszn\u00e1ljuk a s\u00fctiket?<\/h5>\n<p>[\/vc_column_text][vc_column_text css=&#8221;.vc_custom_1705860944319{padding-bottom: 26px !important;}&#8221;]Ezek a honlapok s\u00fcti f\u00e1jlok felhaszn\u00e1l\u00e1s\u00e1val teszik lehet\u0151v\u00e9 a felhaszn\u00e1l\u00f3 internetez\u00e9sre haszn\u00e1lt eszk\u00f6z\u00e9nek \u00e9s be\u00e1ll\u00edt\u00e1sainak felismer\u00e9s\u00e9t, ez\u00e1ltal relev\u00e1ns, a felhaszn\u00e1l\u00f3 ig\u00e9nyeihez igaz\u00edtott tartalom megjelen\u00edt\u00e9s\u00e9t.<\/p>\n<p>[\/vc_column_text][vc_column_text css=&#8221;.vc_custom_1702044549905{padding-bottom: 14px !important;}&#8221;]<\/p>\n<h5>S\u00fcti f\u00e1jlok ellen\u0151rz\u00e9se<\/h5>\n<p>[\/vc_column_text][vc_column_text css=&#8221;.vc_custom_1705860952490{padding-bottom: 26px !important;}&#8221;]A s\u00fcti f\u00e1jlokat mindenki saj\u00e1t ig\u00e9nyei szerint korl\u00e1tozhatja vagy t\u00f6r\u00f6lheti \u2013 r\u00e9szletek\u00e9rt l\u00e1sd az aboutcookies.org webhelyet. T\u00f6r\u00f6lheti a sz\u00e1m\u00edt\u00f3g\u00e9p\u00e9n t\u00e1rolt \u00f6sszes s\u00fctit \u00e9s be\u00e1ll\u00edthatja a legt\u00f6bb b\u00f6ng\u00e9sz\u0151t \u00fagy, hogy megakad\u00e1lyozza azok t\u00e1rol\u00e1s\u00e1t. Ebben az esetben azonban el\u0151fordulhat, hogy a webhely felkeres\u00e9sekor minden alkalommal manu\u00e1lisan m\u00f3dos\u00edtania kell bizonyos be\u00e1ll\u00edt\u00e1sokat \u00e9s el\u0151fordulhat, hogy egyes szolg\u00e1ltat\u00e1sok \u00e9s funkci\u00f3k \u00edgy nem fognak m\u0171k\u00f6dni.<\/p>\n<p>[\/vc_column_text][vc_column_text css=&#8221;.vc_custom_1702044591387{padding-bottom: 14px !important;}&#8221;]<\/p>\n<h5>Hogyan lehet megtagadni a s\u00fctik haszn\u00e1lat\u00e1t<\/h5>\n<p>[\/vc_column_text][vc_column_text css=&#8221;.vc_custom_1705860961731{padding-bottom: 26px !important;}&#8221;]A s\u00fctik haszn\u00e1lat\u00e1t az internetb\u00f6ng\u00e9sz\u0151ben lehet be\u00e1ll\u00edtani. A legt\u00f6bb b\u00f6ng\u00e9sz\u0151 alapbe\u00e1ll\u00edt\u00e1saiban automatikusan elfogadja a s\u00fctiket.<\/p>\n<p>[\/vc_column_text][\/vc_column][\/vc_row][vc_row css_animation=&#8221;&#8221; row_type=&#8221;row&#8221; use_row_as_full_screen_section=&#8221;no&#8221; type=&#8221;grid&#8221; angled_section=&#8221;no&#8221; text_align=&#8221;left&#8221; background_image_as_pattern=&#8221;without_pattern&#8221; bg_type=&#8221;bg_color&#8221; bg_color_value=&#8221;#141414&#8243; z_index=&#8221;&#8221; css=&#8221;.vc_custom_1705057001420{padding-top: 30px !important;padding-bottom: 50px !important;}&#8221;][vc_column width=&#8221;1\/4&#8243; css=&#8221;.vc_custom_1705060753050{margin-top: 20px !important;}&#8221;][vc_column_text]<img loading=\"lazy\" decoding=\"async\" class=\"alignnone wp-image-873\" src=\"https:\/\/www.gymx.sk\/wp-content\/uploads\/2018\/04\/logo-header-medium-300x167.png\" alt=\"\" width=\"180\" height=\"100\" srcset=\"https:\/\/www.gymx.sk\/wp-content\/uploads\/2018\/04\/logo-header-medium-300x167.png 300w, https:\/\/www.gymx.sk\/wp-content\/uploads\/2018\/04\/logo-header-medium.png 320w\" sizes=\"(max-width: 180px) 100vw, 180px\" \/>[\/vc_column_text][\/vc_column][vc_column width=&#8221;1\/4&#8243; css=&#8221;.vc_custom_1705060763291{margin-top: 20px !important;}&#8221;][vc_column_text css=&#8221;.vc_custom_1705060851220{padding-bottom: 12px !important;}&#8221;]<\/p>\n<h6><strong>Kapcsolat<\/strong><\/h6>\n<p>[\/vc_column_text][vc_column_text css=&#8221;.vc_custom_1705060861308{padding-bottom: 7px !important;}&#8221;]E-mail: <a href=\"mailto:info@gymx.sk\">info@gymx.sk<\/a>[\/vc_column_text][vc_column_text]C\u00edm: OD ISTER, R\u00e1k\u00f3czi utca 233,[\/vc_column_text][vc_column_text]945 01 Kom\u00e1rno[\/vc_column_text][\/vc_column][vc_column width=&#8221;1\/4&#8243; css=&#8221;.vc_custom_1705060774332{margin-top: 20px !important;}&#8221;][vc_column_text css=&#8221;.vc_custom_1705056733892{padding-bottom: 12px !important;}&#8221;]<\/p>\n<h6><strong>Hasznos linkek<\/strong><\/h6>\n<p>[\/vc_column_text][vc_column_text css=&#8221;.vc_custom_1705845070764{padding-bottom: 7px !important;}&#8221;]<a href=\"https:\/\/www.gymx.sk\/hu\/tobb-a-suti-fajlokrol\/\">S\u00fctiket haszn\u00e1lunk<\/a>[\/vc_column_text][vc_column_text css=&#8221;.vc_custom_1705056759260{padding-bottom: 7px !important;}&#8221;]<a href=\"https:\/\/www.gymx.sk\/hu\/szemelyes-adatok-vedelme\/\">Szem\u00e9lyes adatok v\u00e9delme<\/a>[\/vc_column_text][vc_column_text]<a href=\"https:\/\/www.gymx.sk\/hu\/altalanos-szerzodesi-feltetelek\/\">\u00c1ltal\u00e1nos szerz\u00f6d\u00e9si felt\u00e9telek<\/a>[\/vc_column_text][\/vc_column][vc_column width=&#8221;1\/4&#8243; css=&#8221;.vc_custom_1705060785541{margin-top: 20px !important;}&#8221;][vc_column_text css=&#8221;.vc_custom_1705056772722{padding-bottom: 12px !important;}&#8221;]<\/p>\n<h5>K\u00f6vess minket<\/h5>\n<p>[\/vc_column_text]<span class='q_social_icon_holder normal_social' data-color=#767676 data-hover-color=#d2fd4e><a itemprop='url' href='https:\/\/www.instagram.com\/gymx_komarno\/' target='_blank'><i class=\"qode_icon_font_awesome fa fa-instagram  simple_social\" style=\"color: #767676;font-size: 30px;\" ><\/i><\/a><\/span><span class='q_social_icon_holder normal_social' data-color=#767676 data-hover-color=#d2fd4e><a itemprop='url' href='https:\/\/www.facebook.com\/profile.php?id=61555695323728' target='_blank'><i class=\"qode_icon_font_awesome fa fa-facebook  simple_social\" style=\"color: #767676;font-size: 30px;\" ><\/i><\/a><\/span>[\/vc_column][\/vc_row]<\/p>\n<\/div>","protected":false},"excerpt":{"rendered":"<p>[vc_row css_animation=&#8221;&#8221; row_type=&#8221;row&#8221; use_row_as_full_screen_section=&#8221;no&#8221; type=&#8221;grid&#8221; angled_section=&#8221;no&#8221; text_align=&#8221;left&#8221; background_image_as_pattern=&#8221;without_pattern&#8221; bg_type=&#8221;bg_color&#8221; z_index=&#8221;&#8221; bg_color_value=&#8221;#000000&#8243;][vc_column][vc_column_text css=&#8221;.vc_custom_1705220350790{padding-bottom: 19px !important;}&#8221;] A weboldalunk s\u00fctiket haszn\u00e1l [\/vc_column_text][vc_column_text css=&#8221;.vc_custom_1702284298437{padding-bottom: 14px !important;}&#8221;] S\u00fcti f\u00e1jlok [\/vc_column_text][vc_column_text css=&#8221;.vc_custom_1705860927488{padding-bottom: 26px !important;}&#8221;]Weboldalunk megfelel\u0151 m\u0171k\u00f6d\u00e9s\u00e9nek biztos\u00edt\u00e1sa \u00e9rdek\u00e9ben helyenk\u00e9t kis adatf\u00e1jlokat t\u00e1rolunk az \u00f6n k\u00e9sz\u00fcl\u00e9k\u00e9n, ezek az \u00fan. s\u00fctik. Ez a&#8230;<\/p>\n","protected":false},"author":1,"featured_media":0,"parent":0,"menu_order":0,"comment_status":"closed","ping_status":"closed","template":"full_width.php","meta":{"footnotes":""},"class_list":["post-1514","page","type-page","status-publish","hentry"],"yoast_head":"<!-- This site is optimized with the Yoast SEO plugin v23.7 - https:\/\/yoast.com\/wordpress\/plugins\/seo\/ -->\n<title>T\u00f6bb a s\u00fcti f\u00e1jlokr\u00f3l | GymX<\/title>\n<meta name=\"description\" content=\"Weboldalunk megfelel\u0151 m\u0171k\u00f6d\u00e9s\u00e9nek biztos\u00edt\u00e1sa \u00e9rdek\u00e9ben helyenk\u00e9t kis adatf\u00e1jlokat t\u00e1rolunk az \u00f6n k\u00e9sz\u00fcl\u00e9k\u00e9n, ezek az \u00fan. s\u00fctik.\" \/>\n<meta name=\"robots\" content=\"index, follow, max-snippet:-1, max-image-preview:large, max-video-preview:-1\" \/>\n<link rel=\"canonical\" href=\"https:\/\/www.gymx.sk\/hu\/tobb-a-suti-fajlokrol\/\" \/>\n<meta property=\"og:locale\" content=\"hu_HU\" \/>\n<meta property=\"og:type\" content=\"article\" \/>\n<meta property=\"og:title\" content=\"T\u00f6bb a s\u00fcti f\u00e1jlokr\u00f3l | GymX\" \/>\n<meta property=\"og:description\" content=\"Weboldalunk megfelel\u0151 m\u0171k\u00f6d\u00e9s\u00e9nek biztos\u00edt\u00e1sa \u00e9rdek\u00e9ben helyenk\u00e9t kis adatf\u00e1jlokat t\u00e1rolunk az \u00f6n k\u00e9sz\u00fcl\u00e9k\u00e9n, ezek az \u00fan. s\u00fctik.\" \/>\n<meta property=\"og:url\" content=\"https:\/\/www.gymx.sk\/hu\/tobb-a-suti-fajlokrol\/\" \/>\n<meta property=\"og:site_name\" content=\"GymX\" \/>\n<meta property=\"article:modified_time\" content=\"2024-05-20T13:35:51+00:00\" \/>\n<meta property=\"og:image\" content=\"https:\/\/www.gymx.sk\/wp-content\/uploads\/2018\/04\/logo-header-medium-300x167.png\" \/>\n<meta name=\"twitter:card\" content=\"summary_large_image\" \/>\n<meta name=\"twitter:label1\" content=\"Becs\u00fclt olvas\u00e1si id\u0151\" \/>\n\t<meta name=\"twitter:data1\" content=\"3 perc\" \/>\n<script type=\"application\/ld+json\" class=\"yoast-schema-graph\">{\"@context\":\"https:\/\/schema.org\",\"@graph\":[{\"@type\":\"WebPage\",\"@id\":\"https:\/\/www.gymx.sk\/hu\/tobb-a-suti-fajlokrol\/\",\"url\":\"https:\/\/www.gymx.sk\/hu\/tobb-a-suti-fajlokrol\/\",\"name\":\"T\u00f6bb a s\u00fcti f\u00e1jlokr\u00f3l | GymX\",\"isPartOf\":{\"@id\":\"https:\/\/www.gymx.sk\/#website\"},\"primaryImageOfPage\":{\"@id\":\"https:\/\/www.gymx.sk\/hu\/tobb-a-suti-fajlokrol\/#primaryimage\"},\"image\":{\"@id\":\"https:\/\/www.gymx.sk\/hu\/tobb-a-suti-fajlokrol\/#primaryimage\"},\"thumbnailUrl\":\"https:\/\/www.gymx.sk\/wp-content\/uploads\/2018\/04\/logo-header-medium-300x167.png\",\"datePublished\":\"2023-12-08T14:04:32+00:00\",\"dateModified\":\"2024-05-20T13:35:51+00:00\",\"description\":\"Weboldalunk megfelel\u0151 m\u0171k\u00f6d\u00e9s\u00e9nek biztos\u00edt\u00e1sa \u00e9rdek\u00e9ben helyenk\u00e9t kis adatf\u00e1jlokat t\u00e1rolunk az \u00f6n k\u00e9sz\u00fcl\u00e9k\u00e9n, ezek az \u00fan. s\u00fctik.\",\"breadcrumb\":{\"@id\":\"https:\/\/www.gymx.sk\/hu\/tobb-a-suti-fajlokrol\/#breadcrumb\"},\"inLanguage\":\"hu\",\"potentialAction\":[{\"@type\":\"ReadAction\",\"target\":[\"https:\/\/www.gymx.sk\/hu\/tobb-a-suti-fajlokrol\/\"]}]},{\"@type\":\"ImageObject\",\"inLanguage\":\"hu\",\"@id\":\"https:\/\/www.gymx.sk\/hu\/tobb-a-suti-fajlokrol\/#primaryimage\",\"url\":\"https:\/\/www.gymx.sk\/wp-content\/uploads\/2018\/04\/logo-header-medium-300x167.png\",\"contentUrl\":\"https:\/\/www.gymx.sk\/wp-content\/uploads\/2018\/04\/logo-header-medium-300x167.png\"},{\"@type\":\"BreadcrumbList\",\"@id\":\"https:\/\/www.gymx.sk\/hu\/tobb-a-suti-fajlokrol\/#breadcrumb\",\"itemListElement\":[{\"@type\":\"ListItem\",\"position\":1,\"name\":\"Domovsk\u00e1 str\u00e1nka\",\"item\":\"https:\/\/www.gymx.sk\/hu\/honlap\/\"},{\"@type\":\"ListItem\",\"position\":2,\"name\":\"T\u00f6bb a s\u00fcti f\u00e1jlokr\u00f3l\"}]},{\"@type\":\"WebSite\",\"@id\":\"https:\/\/www.gymx.sk\/#website\",\"url\":\"https:\/\/www.gymx.sk\/\",\"name\":\"GymX\",\"description\":\"Tvoje svetov\u00e9 fitko!\",\"publisher\":{\"@id\":\"https:\/\/www.gymx.sk\/#organization\"},\"potentialAction\":[{\"@type\":\"SearchAction\",\"target\":{\"@type\":\"EntryPoint\",\"urlTemplate\":\"https:\/\/www.gymx.sk\/?s={search_term_string}\"},\"query-input\":{\"@type\":\"PropertyValueSpecification\",\"valueRequired\":true,\"valueName\":\"search_term_string\"}}],\"inLanguage\":\"hu\"},{\"@type\":\"Organization\",\"@id\":\"https:\/\/www.gymx.sk\/#organization\",\"name\":\"GymX\",\"url\":\"https:\/\/www.gymx.sk\/\",\"logo\":{\"@type\":\"ImageObject\",\"inLanguage\":\"hu\",\"@id\":\"https:\/\/www.gymx.sk\/#\/schema\/logo\/image\/\",\"url\":\"https:\/\/www.gymx.sk\/wp-content\/uploads\/2018\/04\/logo-header-medium-dark.png\",\"contentUrl\":\"https:\/\/www.gymx.sk\/wp-content\/uploads\/2018\/04\/logo-header-medium-dark.png\",\"width\":320,\"height\":178,\"caption\":\"GymX\"},\"image\":{\"@id\":\"https:\/\/www.gymx.sk\/#\/schema\/logo\/image\/\"}}]}<\/script>\n<!-- \/ Yoast SEO plugin. -->","yoast_head_json":{"title":"T\u00f6bb a s\u00fcti f\u00e1jlokr\u00f3l | GymX","description":"Weboldalunk megfelel\u0151 m\u0171k\u00f6d\u00e9s\u00e9nek biztos\u00edt\u00e1sa \u00e9rdek\u00e9ben helyenk\u00e9t kis adatf\u00e1jlokat t\u00e1rolunk az \u00f6n k\u00e9sz\u00fcl\u00e9k\u00e9n, ezek az \u00fan. s\u00fctik.","robots":{"index":"index","follow":"follow","max-snippet":"max-snippet:-1","max-image-preview":"max-image-preview:large","max-video-preview":"max-video-preview:-1"},"canonical":"https:\/\/www.gymx.sk\/hu\/tobb-a-suti-fajlokrol\/","og_locale":"hu_HU","og_type":"article","og_title":"T\u00f6bb a s\u00fcti f\u00e1jlokr\u00f3l | GymX","og_description":"Weboldalunk megfelel\u0151 m\u0171k\u00f6d\u00e9s\u00e9nek biztos\u00edt\u00e1sa \u00e9rdek\u00e9ben helyenk\u00e9t kis adatf\u00e1jlokat t\u00e1rolunk az \u00f6n k\u00e9sz\u00fcl\u00e9k\u00e9n, ezek az \u00fan. s\u00fctik.","og_url":"https:\/\/www.gymx.sk\/hu\/tobb-a-suti-fajlokrol\/","og_site_name":"GymX","article_modified_time":"2024-05-20T13:35:51+00:00","og_image":[{"url":"https:\/\/www.gymx.sk\/wp-content\/uploads\/2018\/04\/logo-header-medium-300x167.png"}],"twitter_card":"summary_large_image","twitter_misc":{"Becs\u00fclt olvas\u00e1si id\u0151":"3 perc"},"schema":{"@context":"https:\/\/schema.org","@graph":[{"@type":"WebPage","@id":"https:\/\/www.gymx.sk\/hu\/tobb-a-suti-fajlokrol\/","url":"https:\/\/www.gymx.sk\/hu\/tobb-a-suti-fajlokrol\/","name":"T\u00f6bb a s\u00fcti f\u00e1jlokr\u00f3l | GymX","isPartOf":{"@id":"https:\/\/www.gymx.sk\/#website"},"primaryImageOfPage":{"@id":"https:\/\/www.gymx.sk\/hu\/tobb-a-suti-fajlokrol\/#primaryimage"},"image":{"@id":"https:\/\/www.gymx.sk\/hu\/tobb-a-suti-fajlokrol\/#primaryimage"},"thumbnailUrl":"https:\/\/www.gymx.sk\/wp-content\/uploads\/2018\/04\/logo-header-medium-300x167.png","datePublished":"2023-12-08T14:04:32+00:00","dateModified":"2024-05-20T13:35:51+00:00","description":"Weboldalunk megfelel\u0151 m\u0171k\u00f6d\u00e9s\u00e9nek biztos\u00edt\u00e1sa \u00e9rdek\u00e9ben helyenk\u00e9t kis adatf\u00e1jlokat t\u00e1rolunk az \u00f6n k\u00e9sz\u00fcl\u00e9k\u00e9n, ezek az \u00fan. s\u00fctik.","breadcrumb":{"@id":"https:\/\/www.gymx.sk\/hu\/tobb-a-suti-fajlokrol\/#breadcrumb"},"inLanguage":"hu","potentialAction":[{"@type":"ReadAction","target":["https:\/\/www.gymx.sk\/hu\/tobb-a-suti-fajlokrol\/"]}]},{"@type":"ImageObject","inLanguage":"hu","@id":"https:\/\/www.gymx.sk\/hu\/tobb-a-suti-fajlokrol\/#primaryimage","url":"https:\/\/www.gymx.sk\/wp-content\/uploads\/2018\/04\/logo-header-medium-300x167.png","contentUrl":"https:\/\/www.gymx.sk\/wp-content\/uploads\/2018\/04\/logo-header-medium-300x167.png"},{"@type":"BreadcrumbList","@id":"https:\/\/www.gymx.sk\/hu\/tobb-a-suti-fajlokrol\/#breadcrumb","itemListElement":[{"@type":"ListItem","position":1,"name":"Domovsk\u00e1 str\u00e1nka","item":"https:\/\/www.gymx.sk\/hu\/honlap\/"},{"@type":"ListItem","position":2,"name":"T\u00f6bb a s\u00fcti f\u00e1jlokr\u00f3l"}]},{"@type":"WebSite","@id":"https:\/\/www.gymx.sk\/#website","url":"https:\/\/www.gymx.sk\/","name":"GymX","description":"Tvoje svetov\u00e9 fitko!","publisher":{"@id":"https:\/\/www.gymx.sk\/#organization"},"potentialAction":[{"@type":"SearchAction","target":{"@type":"EntryPoint","urlTemplate":"https:\/\/www.gymx.sk\/?s={search_term_string}"},"query-input":{"@type":"PropertyValueSpecification","valueRequired":true,"valueName":"search_term_string"}}],"inLanguage":"hu"},{"@type":"Organization","@id":"https:\/\/www.gymx.sk\/#organization","name":"GymX","url":"https:\/\/www.gymx.sk\/","logo":{"@type":"ImageObject","inLanguage":"hu","@id":"https:\/\/www.gymx.sk\/#\/schema\/logo\/image\/","url":"https:\/\/www.gymx.sk\/wp-content\/uploads\/2018\/04\/logo-header-medium-dark.png","contentUrl":"https:\/\/www.gymx.sk\/wp-content\/uploads\/2018\/04\/logo-header-medium-dark.png","width":320,"height":178,"caption":"GymX"},"image":{"@id":"https:\/\/www.gymx.sk\/#\/schema\/logo\/image\/"}}]}},"_links":{"self":[{"href":"https:\/\/www.gymx.sk\/hu\/wp-json\/wp\/v2\/pages\/1514"}],"collection":[{"href":"https:\/\/www.gymx.sk\/hu\/wp-json\/wp\/v2\/pages"}],"about":[{"href":"https:\/\/www.gymx.sk\/hu\/wp-json\/wp\/v2\/types\/page"}],"author":[{"embeddable":true,"href":"https:\/\/www.gymx.sk\/hu\/wp-json\/wp\/v2\/users\/1"}],"replies":[{"embeddable":true,"href":"https:\/\/www.gymx.sk\/hu\/wp-json\/wp\/v2\/comments?post=1514"}],"version-history":[{"count":6,"href":"https:\/\/www.gymx.sk\/hu\/wp-json\/wp\/v2\/pages\/1514\/revisions"}],"predecessor-version":[{"id":2294,"href":"https:\/\/www.gymx.sk\/hu\/wp-json\/wp\/v2\/pages\/1514\/revisions\/2294"}],"wp:attachment":[{"href":"https:\/\/www.gymx.sk\/hu\/wp-json\/wp\/v2\/media?parent=1514"}],"curies":[{"name":"wp","href":"https:\/\/api.w.org\/{rel}","templated":true}]}}