{"id":2389,"date":"2024-05-22T11:40:08","date_gmt":"2024-05-22T09:40:08","guid":{"rendered":"https:\/\/www.gymx.sk\/markovic-alex\/"},"modified":"2024-05-28T15:19:51","modified_gmt":"2024-05-28T13:19:51","slug":"markovic-alex","status":"publish","type":"page","link":"https:\/\/www.gymx.sk\/hu\/markovic-alex\/","title":{"rendered":"Markovic Alex"},"content":{"rendered":"<div class=\"wpb-content-wrapper\"><p>[vc_row css_animation=&#8221;&#8221; row_type=&#8221;row&#8221; use_row_as_full_screen_section=&#8221;no&#8221; type=&#8221;full_width&#8221; angled_section=&#8221;no&#8221; text_align=&#8221;left&#8221; background_image_as_pattern=&#8221;without_pattern&#8221; css=&#8221;.vc_custom_1716366216446{padding-top: 50px !important;padding-bottom: 50px !important;}&#8221; z_index=&#8221;&#8221;][vc_column width=&#8221;1\/2&#8243;][vc_column_text]<img loading=\"lazy\" decoding=\"async\" class=\"alignnone wp-image-2332\" src=\"https:\/\/www.gymx.sk\/wp-content\/uploads\/2024\/05\/alex-markovic_600x750px-240x300.jpg\" alt=\"\" width=\"520\" height=\"650\" srcset=\"https:\/\/www.gymx.sk\/wp-content\/uploads\/2024\/05\/alex-markovic_600x750px-240x300.jpg 240w, https:\/\/www.gymx.sk\/wp-content\/uploads\/2024\/05\/alex-markovic_600x750px.jpg 600w\" sizes=\"(max-width: 520px) 100vw, 520px\" \/>[\/vc_column_text][\/vc_column][vc_column width=&#8221;1\/2&#8243;][vc_row_inner row_type=&#8221;row&#8221; type=&#8221;full_width&#8221; text_align=&#8221;left&#8221; css_animation=&#8221;&#8221;][vc_column_inner width=&#8221;1\/2&#8243;][vc_column_text css=&#8221;.vc_custom_1716370541437{padding-top: 15px !important;padding-bottom: 15px !important;}&#8221;]<\/p>\n<h2 style=\"text-align: left;\">Markovi\u010d Alex<\/h2>\n<p>[\/vc_column_text][\/vc_column_inner][vc_column_inner width=&#8221;1\/2&#8243;][vc_column_text css=&#8221;.vc_custom_1716370693432{padding-top: 15px !important;padding-bottom: 15px !important;}&#8221;]<\/p>\n<p style=\"text-align: left;\"><a href=\"https:\/\/www.instagram.com\/alexmarkovic_personaltrainer\/\" target=\"_blank\" rel=\"noopener\"><img loading=\"lazy\" decoding=\"async\" class=\"wp-image-1751 alignnone\" src=\"https:\/\/www.gymx.sk\/wp-content\/uploads\/2018\/04\/Instagram_icon.png\" alt=\"\" width=\"36\" height=\"36\"><\/a>    <a href=\"https:\/\/www.facebook.com\/markovic.trainer\" target=\"_blank\" rel=\"noopener\"><img loading=\"lazy\" decoding=\"async\" class=\"wp-image-1748 alignnone\" src=\"https:\/\/www.gymx.sk\/wp-content\/uploads\/2018\/04\/facebook_icon-1.png\" alt=\"\" width=\"36\" height=\"36\"><\/a><\/p>\n<p>[\/vc_column_text][\/vc_column_inner][\/vc_row_inner][vc_row_inner row_type=&#8221;row&#8221; type=&#8221;full_width&#8221; text_align=&#8221;left&#8221; css_animation=&#8221;&#8221;][vc_column_inner][vc_column_text css=&#8221;.vc_custom_1716370743651{padding-top: 15px !important;padding-bottom: 15px !important;}&#8221;]<\/p>\n<p style=\"text-align: left;\"><img loading=\"lazy\" decoding=\"async\" class=\"alignleft wp-image-2327\" src=\"https:\/\/www.gymx.sk\/wp-content\/uploads\/2024\/05\/arrows_right.png\" alt=\"\" width=\"28\" height=\"38\">Tel: 0917765000<br \/>\nemail: <a href=\"markovic.trainer@gmail.com\">markovic.trainer@gmail.com<\/a><\/p>\n<p>[\/vc_column_text][\/vc_column_inner][\/vc_row_inner][vc_column_text css=&#8221;.vc_custom_1716370763732{padding-top: 0px !important;padding-bottom: 15px !important;}&#8221;]<\/p>\n<p style=\"font-weight: 400;\">Szakk\u00e9pzett szem\u00e9lyi edz\u0151, funkcion\u00e1lis edz\u0151, \u00e9s t\u00e1pl\u00e1lkoz\u00e1si tan\u00e1csad\u00f3 vagyok. Tizenh\u00e1rom \u00e9v edz\u0151i tapasztalattal rendelkezem, \u00e9s folyamatosan k\u00e9pzem magam ezen a t\u00e9ren. Mindezid\u00e1ig er\u0151emel\u00e9ssel foglalkoztam a legmagasabb szinten. El\u00e9rt eredm\u00e9nyeim: T\u00f6bbsz\u00f6r\u00f6s szlov\u00e1k bajnok, abszol\u00fat Eur\u00f3pa \u00e9s vil\u00e1gbajnok. Edz\u0151i c\u00e9lom az, hogy a klienseimnek a legmin\u0151s\u00e9gibb szolg\u00e1ltat\u00e1st ny\u00fajtsam, nemcsak a meg\u00e1lmodott testalkat el\u00e9r\u00e9s\u00e9ben, hanem annak fenntart\u00e1s\u00e1ban is. T\u00f6rekszem vend\u00e9geimmel val\u00f3 j\u00f3 kapcsolat kialak\u00edt\u00e1s\u00e1ra, folyamatos fejl\u0151d\u00e9s\u00e9re, \u00e9s nagy hangs\u00falyt fektetek a gyakorlatok szakszer\u0171 kivitelez\u00e9s\u00e9re.<\/p>\n<p>[\/vc_column_text]<div id=\"ultimate-heading-932469f58a63e387f\" class=\"uvc-heading ult-adjust-bottom-margin ultimate-heading-932469f58a63e387f uvc-9864 \" data-hspacer=\"no_spacer\"  data-halign=\"left\" style=\"text-align:left\"><div class=\"uvc-heading-spacer no_spacer\" style=\"top\"><\/div><div class=\"uvc-main-heading ult-responsive\"  data-ultimate-target='.uvc-heading.ultimate-heading-932469f58a63e387f h2'  data-responsive-json-new='{\"font-size\":\"desktop:14px;\",\"line-height\":\"\"}' ><h2 style=\"font-weight:bold;color:#d2fd4e;\">Amivel foglalkozom:<\/h2><\/div><\/div>[vc_column_text css=&#8221;.vc_custom_1716370792103{padding-top: 15px !important;padding-bottom: 15px !important;}&#8221;]<\/p>\n<ul>\n<li>funkcion\u00e1lis edz\u00e9s<\/li>\n<li>szem\u00e9lyi edz\u00e9s<\/li>\n<li>csoportos k\u00f6redz\u00e9s<\/li>\n<li>fogy\u00e1s \u00e9s alakform\u00e1l\u00e1s<\/li>\n<li>izomt\u00f6meg n\u00f6vel\u00e9s \u00e9s er\u0151fejleszt\u00e9s<\/li>\n<li>\u00e9lsportol\u00f3k er\u0151nl\u00e9ti felk\u00e9sz\u00edt\u00e9se<\/li>\n<li>t\u00e1pl\u00e1lkoz\u00e1si tan\u00e1csad\u00e1s \u00e9s tan\u00e1csad\u00e1s a t\u00e1pl\u00e1l\u00e9kkieg\u00e9sz\u00edt\u0151k, vitaminok \u00e9s \u00e1sv\u00e1nyi anyagok ter\u00e9n<\/li>\n<\/ul>\n<p>[\/vc_column_text]<div id=\"ultimate-heading-855069f58a63e38fd\" class=\"uvc-heading ult-adjust-bottom-margin ultimate-heading-855069f58a63e38fd uvc-4655 \" data-hspacer=\"no_spacer\"  data-halign=\"left\" style=\"text-align:left\"><div class=\"uvc-heading-spacer no_spacer\" style=\"top\"><\/div><div class=\"uvc-main-heading ult-responsive\"  data-ultimate-target='.uvc-heading.ultimate-heading-855069f58a63e38fd h2'  data-responsive-json-new='{\"font-size\":\"desktop:14px;\",\"line-height\":\"\"}' ><h2 style=\"font-weight:bold;color:#d2fd4e;\">Az edz\u00e9seket a k\u00f6vetkez\u0151 nyelveken tartom:<\/h2><\/div><\/div>[vc_column_text css=&#8221;.vc_custom_1716370803245{padding-top: 15px !important;}&#8221;]<img loading=\"lazy\" decoding=\"async\" class=\"alignnone wp-image-2200\" src=\"https:\/\/www.gymx.sk\/wp-content\/uploads\/2024\/05\/hungary-flag-round-circle-icon-300x300.png\" alt=\"\" width=\"32\" height=\"32\" srcset=\"https:\/\/www.gymx.sk\/wp-content\/uploads\/2024\/05\/hungary-flag-round-circle-icon-300x300.png 300w, https:\/\/www.gymx.sk\/wp-content\/uploads\/2024\/05\/hungary-flag-round-circle-icon-150x150.png 150w, https:\/\/www.gymx.sk\/wp-content\/uploads\/2024\/05\/hungary-flag-round-circle-icon-500x512.png 500w, https:\/\/www.gymx.sk\/wp-content\/uploads\/2024\/05\/hungary-flag-round-circle-icon.png 512w\" sizes=\"(max-width: 32px) 100vw, 32px\" \/>  <img loading=\"lazy\" decoding=\"async\" class=\"alignnone wp-image-2197\" src=\"https:\/\/www.gymx.sk\/wp-content\/uploads\/2024\/05\/slovakia-flag-round-circle-icon-300x300.png\" alt=\"\" width=\"32\" height=\"32\" srcset=\"https:\/\/www.gymx.sk\/wp-content\/uploads\/2024\/05\/slovakia-flag-round-circle-icon-300x300.png 300w, https:\/\/www.gymx.sk\/wp-content\/uploads\/2024\/05\/slovakia-flag-round-circle-icon-150x150.png 150w, https:\/\/www.gymx.sk\/wp-content\/uploads\/2024\/05\/slovakia-flag-round-circle-icon-500x512.png 500w, https:\/\/www.gymx.sk\/wp-content\/uploads\/2024\/05\/slovakia-flag-round-circle-icon.png 512w\" sizes=\"(max-width: 32px) 100vw, 32px\" \/>[\/vc_column_text][\/vc_column][\/vc_row][vc_row css_animation=&#8221;&#8221; row_type=&#8221;row&#8221; use_row_as_full_screen_section=&#8221;no&#8221; type=&#8221;grid&#8221; angled_section=&#8221;no&#8221; text_align=&#8221;left&#8221; background_image_as_pattern=&#8221;without_pattern&#8221; bg_type=&#8221;bg_color&#8221; bg_override=&#8221;full&#8221; bg_color_value=&#8221;#141414&#8243; z_index=&#8221;&#8221; css=&#8221;.vc_custom_1716366236676{padding-top: 30px !important;padding-bottom: 50px !important;}&#8221;][vc_column width=&#8221;1\/4&#8243; css=&#8221;.vc_custom_1705060753050{margin-top: 20px !important;}&#8221;][vc_column_text]<img loading=\"lazy\" decoding=\"async\" class=\"alignnone wp-image-873\" src=\"https:\/\/www.gymx.sk\/wp-content\/uploads\/2018\/04\/logo-header-medium-300x167.png\" alt=\"\" width=\"180\" height=\"100\" srcset=\"https:\/\/www.gymx.sk\/wp-content\/uploads\/2018\/04\/logo-header-medium-300x167.png 300w, https:\/\/www.gymx.sk\/wp-content\/uploads\/2018\/04\/logo-header-medium.png 320w\" sizes=\"(max-width: 180px) 100vw, 180px\" \/>[\/vc_column_text][\/vc_column][vc_column width=&#8221;1\/4&#8243; css=&#8221;.vc_custom_1705060763291{margin-top: 20px !important;}&#8221;][vc_column_text css=&#8221;.vc_custom_1705060851220{padding-bottom: 12px !important;}&#8221;]<\/p>\n<h6><strong>Kapcsolat<\/strong><\/h6>\n<p>[\/vc_column_text][vc_column_text css=&#8221;.vc_custom_1705060861308{padding-bottom: 7px !important;}&#8221;]email: <a href=\"mailto:info@gymx.sk\">info@gymx.sk<\/a>[\/vc_column_text][vc_column_text]c\u00edm: R\u00e1k\u00f3czi utca 233,[\/vc_column_text][vc_column_text]945 01 Kom\u00e1rno[\/vc_column_text][\/vc_column][vc_column width=&#8221;1\/4&#8243; css=&#8221;.vc_custom_1705060774332{margin-top: 20px !important;}&#8221;][vc_column_text css=&#8221;.vc_custom_1705056733892{padding-bottom: 12px !important;}&#8221;]<\/p>\n<h6><strong>Hasznos linkek<\/strong><\/h6>\n<p>[\/vc_column_text][vc_column_text css=&#8221;.vc_custom_1705844395685{padding-bottom: 7px !important;}&#8221;]<a href=\"https:\/\/www.gymx.sk\/hu\/tobb-a-suti-fajlokrol\/\">S\u00fctiket haszn\u00e1lunk<\/a>[\/vc_column_text][vc_column_text css=&#8221;.vc_custom_1705056759260{padding-bottom: 7px !important;}&#8221;]<a href=\"https:\/\/www.gymx.sk\/hu\/szemelyes-adatok-vedelme\/\">Szem\u00e9lyes adatok v\u00e9delme<\/a>[\/vc_column_text][vc_column_text]<a href=\"https:\/\/www.gymx.sk\/hu\/altalanos-szerzodesi-feltetelek\/\">\u00c1ltal\u00e1nos szerz\u00f6d\u00e9si felt\u00e9telek<\/a>[\/vc_column_text][\/vc_column][vc_column width=&#8221;1\/4&#8243; css=&#8221;.vc_custom_1705060785541{margin-top: 20px !important;}&#8221;][vc_column_text css=&#8221;.vc_custom_1705056772722{padding-bottom: 12px !important;}&#8221;]<\/p>\n<h5>K\u00f6vess minket<\/h5>\n<p>[\/vc_column_text]<span class='q_social_icon_holder normal_social' data-color=#767676 data-hover-color=#d2fd4e><a itemprop='url' href='https:\/\/www.instagram.com\/gymx_komarno\/' target='_blank'><i class=\"qode_icon_font_awesome fa fa-instagram  simple_social\" style=\"color: #767676;font-size: 30px;\" ><\/i><\/a><\/span><span class='q_social_icon_holder normal_social' data-color=#767676 data-hover-color=#d2fd4e><a itemprop='url' href='https:\/\/www.facebook.com\/profile.php?id=61555695323728' target='_blank'><i class=\"qode_icon_font_awesome fa fa-facebook  simple_social\" style=\"color: #767676;font-size: 30px;\" ><\/i><\/a><\/span>[\/vc_column][\/vc_row]<\/p>\n<\/div>","protected":false},"excerpt":{"rendered":"<p>[vc_row css_animation=&#8221;&#8221; row_type=&#8221;row&#8221; use_row_as_full_screen_section=&#8221;no&#8221; type=&#8221;full_width&#8221; angled_section=&#8221;no&#8221; text_align=&#8221;left&#8221; background_image_as_pattern=&#8221;without_pattern&#8221; css=&#8221;.vc_custom_1716366216446{padding-top: 50px !important;padding-bottom: 50px !important;}&#8221; z_index=&#8221;&#8221;][vc_column width=&#8221;1\/2&#8243;][vc_column_text][\/vc_column_text][\/vc_column][vc_column width=&#8221;1\/2&#8243;][vc_row_inner row_type=&#8221;row&#8221; type=&#8221;full_width&#8221; text_align=&#8221;left&#8221; css_animation=&#8221;&#8221;][vc_column_inner width=&#8221;1\/2&#8243;][vc_column_text css=&#8221;.vc_custom_1716370541437{padding-top: 15px !important;padding-bottom: 15px !important;}&#8221;] Markovi\u010d Alex [\/vc_column_text][\/vc_column_inner][vc_column_inner width=&#8221;1\/2&#8243;][vc_column_text css=&#8221;.vc_custom_1716370693432{padding-top: 15px !important;padding-bottom: 15px !important;}&#8221;] [\/vc_column_text][\/vc_column_inner][\/vc_row_inner][vc_row_inner row_type=&#8221;row&#8221; type=&#8221;full_width&#8221; text_align=&#8221;left&#8221; css_animation=&#8221;&#8221;][vc_column_inner][vc_column_text css=&#8221;.vc_custom_1716370743651{padding-top: 15px !important;padding-bottom: 15px !important;}&#8221;]&#8230;<\/p>\n","protected":false},"author":1,"featured_media":0,"parent":0,"menu_order":0,"comment_status":"closed","ping_status":"closed","template":"","meta":{"footnotes":""},"class_list":["post-2389","page","type-page","status-publish","hentry"],"yoast_head":"<!-- This site is optimized with the Yoast SEO plugin v23.7 - https:\/\/yoast.com\/wordpress\/plugins\/seo\/ -->\n<title>Markovic Alex | GymX<\/title>\n<meta name=\"robots\" content=\"index, follow, max-snippet:-1, max-image-preview:large, max-video-preview:-1\" \/>\n<link rel=\"canonical\" href=\"https:\/\/www.gymx.sk\/alex-markovic\/\" \/>\n<meta property=\"og:locale\" content=\"hu_HU\" \/>\n<meta property=\"og:type\" content=\"article\" \/>\n<meta property=\"og:title\" content=\"Markovic Alex | GymX\" \/>\n<meta property=\"og:description\" content=\"[vc_row css_animation=&#8221;&#8221; row_type=&#8221;row&#8221; use_row_as_full_screen_section=&#8221;no&#8221; type=&#8221;full_width&#8221; angled_section=&#8221;no&#8221; text_align=&#8221;left&#8221; background_image_as_pattern=&#8221;without_pattern&#8221; css=&#8221;.vc_custom_1716366216446{padding-top: 50px !important;padding-bottom: 50px !important;}&#8221; z_index=&#8221;&#8221;][vc_column width=&#8221;1\/2&#8243;][vc_column_text][\/vc_column_text][\/vc_column][vc_column width=&#8221;1\/2&#8243;][vc_row_inner row_type=&#8221;row&#8221; type=&#8221;full_width&#8221; text_align=&#8221;left&#8221; css_animation=&#8221;&#8221;][vc_column_inner width=&#8221;1\/2&#8243;][vc_column_text css=&#8221;.vc_custom_1716370541437{padding-top: 15px !important;padding-bottom: 15px !important;}&#8221;] Markovi\u010d Alex [\/vc_column_text][\/vc_column_inner][vc_column_inner width=&#8221;1\/2&#8243;][vc_column_text css=&#8221;.vc_custom_1716370693432{padding-top: 15px !important;padding-bottom: 15px !important;}&#8221;] [\/vc_column_text][\/vc_column_inner][\/vc_row_inner][vc_row_inner row_type=&#8221;row&#8221; type=&#8221;full_width&#8221; text_align=&#8221;left&#8221; css_animation=&#8221;&#8221;][vc_column_inner][vc_column_text css=&#8221;.vc_custom_1716370743651{padding-top: 15px !important;padding-bottom: 15px !important;}&#8221;]...\" \/>\n<meta property=\"og:url\" content=\"https:\/\/www.gymx.sk\/alex-markovic\/\" \/>\n<meta property=\"og:site_name\" content=\"GymX\" \/>\n<meta property=\"article:modified_time\" content=\"2024-05-28T13:19:51+00:00\" \/>\n<meta property=\"og:image\" content=\"https:\/\/www.gymx.sk\/wp-content\/uploads\/2024\/05\/alex-markovic_600x750px.jpg\" \/>\n\t<meta property=\"og:image:width\" content=\"600\" \/>\n\t<meta property=\"og:image:height\" content=\"750\" \/>\n\t<meta property=\"og:image:type\" content=\"image\/jpeg\" \/>\n<meta name=\"twitter:card\" content=\"summary_large_image\" \/>\n<meta name=\"twitter:label1\" content=\"Becs\u00fclt olvas\u00e1si id\u0151\" \/>\n\t<meta name=\"twitter:data1\" content=\"4 perc\" \/>\n<script type=\"application\/ld+json\" class=\"yoast-schema-graph\">{\"@context\":\"https:\/\/schema.org\",\"@graph\":[{\"@type\":\"WebPage\",\"@id\":\"https:\/\/www.gymx.sk\/alex-markovic\/\",\"url\":\"https:\/\/www.gymx.sk\/alex-markovic\/\",\"name\":\"Markovic Alex | GymX\",\"isPartOf\":{\"@id\":\"https:\/\/www.gymx.sk\/#website\"},\"primaryImageOfPage\":{\"@id\":\"https:\/\/www.gymx.sk\/alex-markovic\/#primaryimage\"},\"image\":{\"@id\":\"https:\/\/www.gymx.sk\/alex-markovic\/#primaryimage\"},\"thumbnailUrl\":\"https:\/\/www.gymx.sk\/wp-content\/uploads\/2024\/05\/alex-markovic_600x750px-240x300.jpg\",\"datePublished\":\"2024-05-22T09:40:08+00:00\",\"dateModified\":\"2024-05-28T13:19:51+00:00\",\"breadcrumb\":{\"@id\":\"https:\/\/www.gymx.sk\/alex-markovic\/#breadcrumb\"},\"inLanguage\":\"hu\",\"potentialAction\":[{\"@type\":\"ReadAction\",\"target\":[\"https:\/\/www.gymx.sk\/alex-markovic\/\"]}]},{\"@type\":\"ImageObject\",\"inLanguage\":\"hu\",\"@id\":\"https:\/\/www.gymx.sk\/alex-markovic\/#primaryimage\",\"url\":\"https:\/\/www.gymx.sk\/wp-content\/uploads\/2024\/05\/alex-markovic_600x750px-240x300.jpg\",\"contentUrl\":\"https:\/\/www.gymx.sk\/wp-content\/uploads\/2024\/05\/alex-markovic_600x750px-240x300.jpg\"},{\"@type\":\"BreadcrumbList\",\"@id\":\"https:\/\/www.gymx.sk\/alex-markovic\/#breadcrumb\",\"itemListElement\":[{\"@type\":\"ListItem\",\"position\":1,\"name\":\"Domovsk\u00e1 str\u00e1nka\",\"item\":\"https:\/\/www.gymx.sk\/hu\/honlap\/\"},{\"@type\":\"ListItem\",\"position\":2,\"name\":\"Markovic Alex\"}]},{\"@type\":\"WebSite\",\"@id\":\"https:\/\/www.gymx.sk\/#website\",\"url\":\"https:\/\/www.gymx.sk\/\",\"name\":\"GymX\",\"description\":\"Tvoje svetov\u00e9 fitko!\",\"publisher\":{\"@id\":\"https:\/\/www.gymx.sk\/#organization\"},\"potentialAction\":[{\"@type\":\"SearchAction\",\"target\":{\"@type\":\"EntryPoint\",\"urlTemplate\":\"https:\/\/www.gymx.sk\/?s={search_term_string}\"},\"query-input\":{\"@type\":\"PropertyValueSpecification\",\"valueRequired\":true,\"valueName\":\"search_term_string\"}}],\"inLanguage\":\"hu\"},{\"@type\":\"Organization\",\"@id\":\"https:\/\/www.gymx.sk\/#organization\",\"name\":\"GymX\",\"url\":\"https:\/\/www.gymx.sk\/\",\"logo\":{\"@type\":\"ImageObject\",\"inLanguage\":\"hu\",\"@id\":\"https:\/\/www.gymx.sk\/#\/schema\/logo\/image\/\",\"url\":\"https:\/\/www.gymx.sk\/wp-content\/uploads\/2018\/04\/logo-header-medium-dark.png\",\"contentUrl\":\"https:\/\/www.gymx.sk\/wp-content\/uploads\/2018\/04\/logo-header-medium-dark.png\",\"width\":320,\"height\":178,\"caption\":\"GymX\"},\"image\":{\"@id\":\"https:\/\/www.gymx.sk\/#\/schema\/logo\/image\/\"}}]}<\/script>\n<!-- \/ Yoast SEO plugin. -->","yoast_head_json":{"title":"Markovic Alex | GymX","robots":{"index":"index","follow":"follow","max-snippet":"max-snippet:-1","max-image-preview":"max-image-preview:large","max-video-preview":"max-video-preview:-1"},"canonical":"https:\/\/www.gymx.sk\/alex-markovic\/","og_locale":"hu_HU","og_type":"article","og_title":"Markovic Alex | GymX","og_description":"[vc_row css_animation=&#8221;&#8221; row_type=&#8221;row&#8221; use_row_as_full_screen_section=&#8221;no&#8221; type=&#8221;full_width&#8221; angled_section=&#8221;no&#8221; text_align=&#8221;left&#8221; background_image_as_pattern=&#8221;without_pattern&#8221; css=&#8221;.vc_custom_1716366216446{padding-top: 50px !important;padding-bottom: 50px !important;}&#8221; z_index=&#8221;&#8221;][vc_column width=&#8221;1\/2&#8243;][vc_column_text][\/vc_column_text][\/vc_column][vc_column width=&#8221;1\/2&#8243;][vc_row_inner row_type=&#8221;row&#8221; type=&#8221;full_width&#8221; text_align=&#8221;left&#8221; css_animation=&#8221;&#8221;][vc_column_inner width=&#8221;1\/2&#8243;][vc_column_text css=&#8221;.vc_custom_1716370541437{padding-top: 15px !important;padding-bottom: 15px !important;}&#8221;] Markovi\u010d Alex [\/vc_column_text][\/vc_column_inner][vc_column_inner width=&#8221;1\/2&#8243;][vc_column_text css=&#8221;.vc_custom_1716370693432{padding-top: 15px !important;padding-bottom: 15px !important;}&#8221;] [\/vc_column_text][\/vc_column_inner][\/vc_row_inner][vc_row_inner row_type=&#8221;row&#8221; type=&#8221;full_width&#8221; text_align=&#8221;left&#8221; css_animation=&#8221;&#8221;][vc_column_inner][vc_column_text css=&#8221;.vc_custom_1716370743651{padding-top: 15px !important;padding-bottom: 15px !important;}&#8221;]...","og_url":"https:\/\/www.gymx.sk\/alex-markovic\/","og_site_name":"GymX","article_modified_time":"2024-05-28T13:19:51+00:00","og_image":[{"width":600,"height":750,"url":"https:\/\/www.gymx.sk\/wp-content\/uploads\/2024\/05\/alex-markovic_600x750px.jpg","type":"image\/jpeg"}],"twitter_card":"summary_large_image","twitter_misc":{"Becs\u00fclt olvas\u00e1si id\u0151":"4 perc"},"schema":{"@context":"https:\/\/schema.org","@graph":[{"@type":"WebPage","@id":"https:\/\/www.gymx.sk\/alex-markovic\/","url":"https:\/\/www.gymx.sk\/alex-markovic\/","name":"Markovic Alex | GymX","isPartOf":{"@id":"https:\/\/www.gymx.sk\/#website"},"primaryImageOfPage":{"@id":"https:\/\/www.gymx.sk\/alex-markovic\/#primaryimage"},"image":{"@id":"https:\/\/www.gymx.sk\/alex-markovic\/#primaryimage"},"thumbnailUrl":"https:\/\/www.gymx.sk\/wp-content\/uploads\/2024\/05\/alex-markovic_600x750px-240x300.jpg","datePublished":"2024-05-22T09:40:08+00:00","dateModified":"2024-05-28T13:19:51+00:00","breadcrumb":{"@id":"https:\/\/www.gymx.sk\/alex-markovic\/#breadcrumb"},"inLanguage":"hu","potentialAction":[{"@type":"ReadAction","target":["https:\/\/www.gymx.sk\/alex-markovic\/"]}]},{"@type":"ImageObject","inLanguage":"hu","@id":"https:\/\/www.gymx.sk\/alex-markovic\/#primaryimage","url":"https:\/\/www.gymx.sk\/wp-content\/uploads\/2024\/05\/alex-markovic_600x750px-240x300.jpg","contentUrl":"https:\/\/www.gymx.sk\/wp-content\/uploads\/2024\/05\/alex-markovic_600x750px-240x300.jpg"},{"@type":"BreadcrumbList","@id":"https:\/\/www.gymx.sk\/alex-markovic\/#breadcrumb","itemListElement":[{"@type":"ListItem","position":1,"name":"Domovsk\u00e1 str\u00e1nka","item":"https:\/\/www.gymx.sk\/hu\/honlap\/"},{"@type":"ListItem","position":2,"name":"Markovic Alex"}]},{"@type":"WebSite","@id":"https:\/\/www.gymx.sk\/#website","url":"https:\/\/www.gymx.sk\/","name":"GymX","description":"Tvoje svetov\u00e9 fitko!","publisher":{"@id":"https:\/\/www.gymx.sk\/#organization"},"potentialAction":[{"@type":"SearchAction","target":{"@type":"EntryPoint","urlTemplate":"https:\/\/www.gymx.sk\/?s={search_term_string}"},"query-input":{"@type":"PropertyValueSpecification","valueRequired":true,"valueName":"search_term_string"}}],"inLanguage":"hu"},{"@type":"Organization","@id":"https:\/\/www.gymx.sk\/#organization","name":"GymX","url":"https:\/\/www.gymx.sk\/","logo":{"@type":"ImageObject","inLanguage":"hu","@id":"https:\/\/www.gymx.sk\/#\/schema\/logo\/image\/","url":"https:\/\/www.gymx.sk\/wp-content\/uploads\/2018\/04\/logo-header-medium-dark.png","contentUrl":"https:\/\/www.gymx.sk\/wp-content\/uploads\/2018\/04\/logo-header-medium-dark.png","width":320,"height":178,"caption":"GymX"},"image":{"@id":"https:\/\/www.gymx.sk\/#\/schema\/logo\/image\/"}}]}},"_links":{"self":[{"href":"https:\/\/www.gymx.sk\/hu\/wp-json\/wp\/v2\/pages\/2389"}],"collection":[{"href":"https:\/\/www.gymx.sk\/hu\/wp-json\/wp\/v2\/pages"}],"about":[{"href":"https:\/\/www.gymx.sk\/hu\/wp-json\/wp\/v2\/types\/page"}],"author":[{"embeddable":true,"href":"https:\/\/www.gymx.sk\/hu\/wp-json\/wp\/v2\/users\/1"}],"replies":[{"embeddable":true,"href":"https:\/\/www.gymx.sk\/hu\/wp-json\/wp\/v2\/comments?post=2389"}],"version-history":[{"count":2,"href":"https:\/\/www.gymx.sk\/hu\/wp-json\/wp\/v2\/pages\/2389\/revisions"}],"predecessor-version":[{"id":2391,"href":"https:\/\/www.gymx.sk\/hu\/wp-json\/wp\/v2\/pages\/2389\/revisions\/2391"}],"wp:attachment":[{"href":"https:\/\/www.gymx.sk\/hu\/wp-json\/wp\/v2\/media?parent=2389"}],"curies":[{"name":"wp","href":"https:\/\/api.w.org\/{rel}","templated":true}]}}