{"id":2751,"date":"2025-01-13T13:35:22","date_gmt":"2025-01-13T12:35:22","guid":{"rendered":"https:\/\/www.gymx.sk\/malik-aniko\/"},"modified":"2025-01-13T15:11:56","modified_gmt":"2025-01-13T14:11:56","slug":"malik-aniko","status":"publish","type":"page","link":"https:\/\/www.gymx.sk\/hu\/malik-aniko\/","title":{"rendered":"Malik Anik\u00f3"},"content":{"rendered":"<div class=\"wpb-content-wrapper\"><p>[vc_row css_animation=&#8221;&#8221; row_type=&#8221;row&#8221; use_row_as_full_screen_section=&#8221;no&#8221; type=&#8221;full_width&#8221; angled_section=&#8221;no&#8221; text_align=&#8221;left&#8221; background_image_as_pattern=&#8221;without_pattern&#8221; css=&#8221;.vc_custom_1716366216446{padding-top: 50px !important;padding-bottom: 50px !important;}&#8221; z_index=&#8221;&#8221;][vc_column width=&#8221;1\/2&#8243;][vc_column_text]<img loading=\"lazy\" decoding=\"async\" class=\"alignnone wp-image-2744 size-full\" title=\"Aniko Malik\" src=\"https:\/\/www.gymx.sk\/wp-content\/uploads\/2025\/01\/aniko-malik_600x750px.jpg\" alt=\"Aniko Malik edz\u0151 a Gymxben\" width=\"600\" height=\"750\" srcset=\"https:\/\/www.gymx.sk\/wp-content\/uploads\/2025\/01\/aniko-malik_600x750px.jpg 600w, https:\/\/www.gymx.sk\/wp-content\/uploads\/2025\/01\/aniko-malik_600x750px-240x300.jpg 240w\" sizes=\"(max-width: 600px) 100vw, 600px\" \/>[\/vc_column_text][\/vc_column][vc_column width=&#8221;1\/2&#8243;][vc_row_inner row_type=&#8221;row&#8221; type=&#8221;full_width&#8221; text_align=&#8221;left&#8221; css_animation=&#8221;&#8221;][vc_column_inner width=&#8221;1\/2&#8243;][vc_column_text css=&#8221;.vc_custom_1736771237210{padding-top: 15px !important;padding-bottom: 15px !important;}&#8221;]<\/p>\n<h2 style=\"text-align: left;\">Malik Anik\u00f3<\/h2>\n<p>[\/vc_column_text][\/vc_column_inner][vc_column_inner width=&#8221;1\/2&#8243;][vc_column_text css=&#8221;.vc_custom_1736771385872{padding-top: 15px !important;padding-bottom: 15px !important;}&#8221;]<\/p>\n<p style=\"text-align: left;\"><a href=\"https:\/\/www.instagram.com\/aniqo.m\/\" target=\"_blank\" rel=\"noopener\"><img loading=\"lazy\" decoding=\"async\" class=\"wp-image-1751 alignnone\" src=\"https:\/\/www.gymx.sk\/wp-content\/uploads\/2018\/04\/Instagram_icon.png\" alt=\"\" width=\"36\" height=\"36\" \/><\/a> <a href=\"https:\/\/www.facebook.com\/aniqou.malik\" target=\"_blank\" rel=\"noopener\"><img loading=\"lazy\" decoding=\"async\" class=\"alignnone wp-image-1748\" src=\"https:\/\/www.gymx.sk\/wp-content\/uploads\/2018\/04\/facebook_icon-1.png\" alt=\"\" width=\"36\" height=\"36\" \/><\/a><\/p>\n<p>[\/vc_column_text][\/vc_column_inner][\/vc_row_inner][vc_row_inner row_type=&#8221;row&#8221; type=&#8221;full_width&#8221; text_align=&#8221;left&#8221; css_animation=&#8221;&#8221;][vc_column_inner][vc_column_text css=&#8221;.vc_custom_1736777512492{padding-top: 15px !important;padding-bottom: 15px !important;}&#8221;]<\/p>\n<p style=\"text-align: left;\"><img loading=\"lazy\" decoding=\"async\" class=\"alignleft wp-image-2327\" src=\"https:\/\/www.gymx.sk\/wp-content\/uploads\/2024\/05\/arrows_right.png\" alt=\"\" width=\"28\" height=\"38\" \/>Tel: 0907332139<br \/>\nemail:<a href=\"mailto:anikomalikova@gmail.com\">anikomalikova@gmail.com<\/a><\/p>\n<p>[\/vc_column_text][\/vc_column_inner][\/vc_row_inner][vc_column_text css=&#8221;.vc_custom_1736771490597{padding-top: 0px !important;padding-bottom: 15px !important;}&#8221;]<\/p>\n<p style=\"font-weight: 400;\">Kleveles funkcion\u00e1lis edz\u0151 vagyok (CFSC Level 1 &#8211; Michael Boyle), \u00e9s t\u00f6bb mint 10 \u00e9ve akt\u00edvan sportolok. K\u00fcldet\u00e9sem, hogy min\u00e9l t\u00f6bb emberrel megismertessem a funkcion\u00e1lis edz\u00e9s el\u0151nyeit. Ez a m\u00f3dszer seg\u00edt fejleszteni azokat a mozdulatsorokat, amelyeket a mindennapok sor\u00e1n rendszeresen haszn\u00e1lunk, mint p\u00e9ld\u00e1ul a hajl\u00edt\u00e1s, emel\u00e9s, ny\u00fajt\u00e1s \u00e9s tol\u00e1s. A funkcion\u00e1lis edz\u00e9s kort\u00f3l \u00e9s edzetts\u00e9gi szintt\u0151l f\u00fcggetlen\u00fcl b\u00e1rki sz\u00e1m\u00e1ra hasznos lehet. Jav\u00edtja az eg\u00e9sz test erej\u00e9t, stabilit\u00e1s\u00e1t \u00e9s koordin\u00e1ci\u00f3j\u00e1t, mik\u00f6zben fejleszti a gyorsas\u00e1got, robban\u00e9konys\u00e1got \u00e9s \u00e1ll\u00f3k\u00e9pess\u00e9get is.<\/p>\n<p>[\/vc_column_text]<div id=\"ultimate-heading-686069ed224514f64\" class=\"uvc-heading ult-adjust-bottom-margin ultimate-heading-686069ed224514f64 uvc-2190 \" data-hspacer=\"no_spacer\"  data-halign=\"left\" style=\"text-align:left\"><div class=\"uvc-heading-spacer no_spacer\" style=\"top\"><\/div><div class=\"uvc-main-heading ult-responsive\"  data-ultimate-target='.uvc-heading.ultimate-heading-686069ed224514f64 h2'  data-responsive-json-new='{\"font-size\":\"desktop:14px;\",\"line-height\":\"\"}' ><h2 style=\"font-weight:bold;color:#d2fd4e;\">Amivel foglalkozom:<\/h2><\/div><\/div>[vc_column_text css=&#8221;.vc_custom_1736771508461{padding-top: 15px !important;padding-bottom: 15px !important;}&#8221;]<\/p>\n<ul>\n<li>funkcion\u00e1lis edz\u00e9s<\/li>\n<li>er\u0151nl\u00e9ti edz\u00e9s<\/li>\n<li>kis csoportos edz\u00e9sek (2-3 f\u0151)<\/li>\n<li>tan\u00e1csad\u00e1s az eg\u00e9szs\u00e9ges \u00e9letm\u00f3ddal kapcsolatosan<\/li>\n<\/ul>\n<p>[\/vc_column_text]<div id=\"ultimate-heading-794969ed224514fb2\" class=\"uvc-heading ult-adjust-bottom-margin ultimate-heading-794969ed224514fb2 uvc-3784 \" data-hspacer=\"no_spacer\"  data-halign=\"left\" style=\"text-align:left\"><div class=\"uvc-heading-spacer no_spacer\" style=\"top\"><\/div><div class=\"uvc-main-heading ult-responsive\"  data-ultimate-target='.uvc-heading.ultimate-heading-794969ed224514fb2 h2'  data-responsive-json-new='{\"font-size\":\"desktop:14px;\",\"line-height\":\"\"}' ><h2 style=\"font-weight:bold;color:#d2fd4e;\">Az edz\u00e9seket a k\u00f6vetkez\u0151 nyelveken tartom:<\/h2><\/div><\/div>[vc_column_text css=&#8221;.vc_custom_1736771516500{padding-top: 15px !important;}&#8221;]<img loading=\"lazy\" decoding=\"async\" class=\"alignnone wp-image-2200\" src=\"https:\/\/www.gymx.sk\/wp-content\/uploads\/2024\/05\/hungary-flag-round-circle-icon-300x300.png\" alt=\"\" width=\"32\" height=\"32\" srcset=\"https:\/\/www.gymx.sk\/wp-content\/uploads\/2024\/05\/hungary-flag-round-circle-icon-300x300.png 300w, https:\/\/www.gymx.sk\/wp-content\/uploads\/2024\/05\/hungary-flag-round-circle-icon-150x150.png 150w, https:\/\/www.gymx.sk\/wp-content\/uploads\/2024\/05\/hungary-flag-round-circle-icon-500x512.png 500w, https:\/\/www.gymx.sk\/wp-content\/uploads\/2024\/05\/hungary-flag-round-circle-icon.png 512w\" sizes=\"(max-width: 32px) 100vw, 32px\" \/> <img loading=\"lazy\" decoding=\"async\" class=\"alignnone wp-image-2197\" src=\"https:\/\/www.gymx.sk\/wp-content\/uploads\/2024\/05\/slovakia-flag-round-circle-icon-300x300.png\" alt=\"\" width=\"32\" height=\"32\" srcset=\"https:\/\/www.gymx.sk\/wp-content\/uploads\/2024\/05\/slovakia-flag-round-circle-icon-300x300.png 300w, https:\/\/www.gymx.sk\/wp-content\/uploads\/2024\/05\/slovakia-flag-round-circle-icon-150x150.png 150w, https:\/\/www.gymx.sk\/wp-content\/uploads\/2024\/05\/slovakia-flag-round-circle-icon-500x512.png 500w, https:\/\/www.gymx.sk\/wp-content\/uploads\/2024\/05\/slovakia-flag-round-circle-icon.png 512w\" sizes=\"(max-width: 32px) 100vw, 32px\" \/>[\/vc_column_text][\/vc_column][\/vc_row][vc_row css_animation=&#8221;&#8221; row_type=&#8221;row&#8221; use_row_as_full_screen_section=&#8221;no&#8221; type=&#8221;grid&#8221; angled_section=&#8221;no&#8221; text_align=&#8221;left&#8221; background_image_as_pattern=&#8221;without_pattern&#8221; bg_type=&#8221;bg_color&#8221; bg_override=&#8221;full&#8221; bg_color_value=&#8221;#141414&#8243; z_index=&#8221;&#8221; css=&#8221;.vc_custom_1716366236676{padding-top: 30px !important;padding-bottom: 50px !important;}&#8221;][vc_column width=&#8221;1\/4&#8243; css=&#8221;.vc_custom_1705060753050{margin-top: 20px !important;}&#8221;][vc_column_text]<img loading=\"lazy\" decoding=\"async\" class=\"alignnone wp-image-873\" src=\"https:\/\/www.gymx.sk\/wp-content\/uploads\/2018\/04\/logo-header-medium-300x167.png\" alt=\"\" width=\"180\" height=\"100\" srcset=\"https:\/\/www.gymx.sk\/wp-content\/uploads\/2018\/04\/logo-header-medium-300x167.png 300w, https:\/\/www.gymx.sk\/wp-content\/uploads\/2018\/04\/logo-header-medium.png 320w\" sizes=\"(max-width: 180px) 100vw, 180px\" \/>[\/vc_column_text][\/vc_column][vc_column width=&#8221;1\/4&#8243; css=&#8221;.vc_custom_1705060763291{margin-top: 20px !important;}&#8221;][vc_column_text css=&#8221;.vc_custom_1705060851220{padding-bottom: 12px !important;}&#8221;]<\/p>\n<h6><strong>Kapcsolat<\/strong><\/h6>\n<p>[\/vc_column_text][vc_column_text css=&#8221;.vc_custom_1705060861308{padding-bottom: 7px !important;}&#8221;]email: <a href=\"mailto:info@gymx.sk\">info@gymx.sk<\/a>[\/vc_column_text][vc_column_text]c\u00edm: R\u00e1k\u00f3czi utca 233,[\/vc_column_text][vc_column_text]945 01 Kom\u00e1rno[\/vc_column_text][\/vc_column][vc_column width=&#8221;1\/4&#8243; css=&#8221;.vc_custom_1705060774332{margin-top: 20px !important;}&#8221;][vc_column_text css=&#8221;.vc_custom_1705056733892{padding-bottom: 12px !important;}&#8221;]<\/p>\n<h6><strong>Hasznos linkek<\/strong><\/h6>\n<p>[\/vc_column_text][vc_column_text css=&#8221;.vc_custom_1705844395685{padding-bottom: 7px !important;}&#8221;]<a href=\"https:\/\/www.gymx.sk\/hu\/tobb-a-suti-fajlokrol\/\">S\u00fctiket haszn\u00e1lunk<\/a>[\/vc_column_text][vc_column_text css=&#8221;.vc_custom_1705056759260{padding-bottom: 7px !important;}&#8221;]<a href=\"https:\/\/www.gymx.sk\/hu\/szemelyes-adatok-vedelme\/\">Szem\u00e9lyes adatok v\u00e9delme<\/a>[\/vc_column_text][vc_column_text]<a href=\"https:\/\/www.gymx.sk\/hu\/altalanos-szerzodesi-feltetelek\/\">\u00c1ltal\u00e1nos szerz\u00f6d\u00e9si felt\u00e9telek<\/a>[\/vc_column_text][\/vc_column][vc_column width=&#8221;1\/4&#8243; css=&#8221;.vc_custom_1705060785541{margin-top: 20px !important;}&#8221;][vc_column_text css=&#8221;.vc_custom_1705056772722{padding-bottom: 12px !important;}&#8221;]<\/p>\n<h5>K\u00f6vess minket<\/h5>\n<p>[\/vc_column_text]<span class='q_social_icon_holder normal_social' data-color=#767676 data-hover-color=#d2fd4e><a itemprop='url' href='https:\/\/www.instagram.com\/gymx_komarno\/' target='_blank'><i class=\"qode_icon_font_awesome fa fa-instagram  simple_social\" style=\"color: #767676;font-size: 30px;\" ><\/i><\/a><\/span><span class='q_social_icon_holder normal_social' data-color=#767676 data-hover-color=#d2fd4e><a itemprop='url' href='https:\/\/www.facebook.com\/profile.php?id=61555695323728' target='_blank'><i class=\"qode_icon_font_awesome fa fa-facebook  simple_social\" style=\"color: #767676;font-size: 30px;\" ><\/i><\/a><\/span>[\/vc_column][\/vc_row]<\/p>\n<\/div>","protected":false},"excerpt":{"rendered":"<p>[vc_row css_animation=&#8221;&#8221; row_type=&#8221;row&#8221; use_row_as_full_screen_section=&#8221;no&#8221; type=&#8221;full_width&#8221; angled_section=&#8221;no&#8221; text_align=&#8221;left&#8221; background_image_as_pattern=&#8221;without_pattern&#8221; css=&#8221;.vc_custom_1716366216446{padding-top: 50px !important;padding-bottom: 50px !important;}&#8221; z_index=&#8221;&#8221;][vc_column width=&#8221;1\/2&#8243;][vc_column_text][\/vc_column_text][\/vc_column][vc_column width=&#8221;1\/2&#8243;][vc_row_inner row_type=&#8221;row&#8221; type=&#8221;full_width&#8221; text_align=&#8221;left&#8221; css_animation=&#8221;&#8221;][vc_column_inner width=&#8221;1\/2&#8243;][vc_column_text css=&#8221;.vc_custom_1736771237210{padding-top: 15px !important;padding-bottom: 15px !important;}&#8221;] Malik Anik\u00f3 [\/vc_column_text][\/vc_column_inner][vc_column_inner width=&#8221;1\/2&#8243;][vc_column_text css=&#8221;.vc_custom_1736771385872{padding-top: 15px !important;padding-bottom: 15px !important;}&#8221;] [\/vc_column_text][\/vc_column_inner][\/vc_row_inner][vc_row_inner row_type=&#8221;row&#8221; type=&#8221;full_width&#8221; text_align=&#8221;left&#8221; css_animation=&#8221;&#8221;][vc_column_inner][vc_column_text css=&#8221;.vc_custom_1736777512492{padding-top: 15px !important;padding-bottom: 15px !important;}&#8221;]&#8230;<\/p>\n","protected":false},"author":1,"featured_media":0,"parent":0,"menu_order":0,"comment_status":"closed","ping_status":"closed","template":"","meta":{"footnotes":""},"class_list":["post-2751","page","type-page","status-publish","hentry"],"yoast_head":"<!-- This site is optimized with the Yoast SEO plugin v23.7 - https:\/\/yoast.com\/wordpress\/plugins\/seo\/ -->\n<title>Malik Anik\u00f3 | GymX<\/title>\n<meta name=\"description\" content=\"Certifikovan\u00e1 tr\u00e9nerka funk\u010dn\u00e9ho tr\u00e9ningu (CFSC Level 1 - Michael Boyle) - Anik\u00f3 Malik. \u0160pecializuje sa na funk\u010dn\u00fd tr\u00e9ning, silov\u00fd tr\u00e9ning, mal\u00e9 skupinov\u00e9 tr\u00e9ningy (2-3), poradenstvo v oblasti zdrav\u00e9ho \u017eivotn\u00e9ho \u0161t\u00fdlu.\" \/>\n<meta name=\"robots\" content=\"index, follow, max-snippet:-1, max-image-preview:large, max-video-preview:-1\" \/>\n<link rel=\"canonical\" href=\"https:\/\/www.gymx.sk\/hu\/malik-aniko\/\" \/>\n<meta property=\"og:locale\" content=\"hu_HU\" \/>\n<meta property=\"og:type\" content=\"article\" \/>\n<meta property=\"og:title\" content=\"Malik Anik\u00f3 | GymX\" \/>\n<meta property=\"og:description\" content=\"Certifikovan\u00e1 tr\u00e9nerka funk\u010dn\u00e9ho tr\u00e9ningu (CFSC Level 1 - Michael Boyle) - Anik\u00f3 Malik. \u0160pecializuje sa na funk\u010dn\u00fd tr\u00e9ning, silov\u00fd tr\u00e9ning, mal\u00e9 skupinov\u00e9 tr\u00e9ningy (2-3), poradenstvo v oblasti zdrav\u00e9ho \u017eivotn\u00e9ho \u0161t\u00fdlu.\" \/>\n<meta property=\"og:url\" content=\"https:\/\/www.gymx.sk\/hu\/malik-aniko\/\" \/>\n<meta property=\"og:site_name\" content=\"GymX\" \/>\n<meta property=\"article:modified_time\" content=\"2025-01-13T14:11:56+00:00\" \/>\n<meta property=\"og:image\" content=\"https:\/\/www.gymx.sk\/wp-content\/uploads\/2025\/01\/aniko-malik_600x750px.jpg\" \/>\n\t<meta property=\"og:image:width\" content=\"600\" \/>\n\t<meta property=\"og:image:height\" content=\"750\" \/>\n\t<meta property=\"og:image:type\" content=\"image\/jpeg\" \/>\n<meta name=\"twitter:card\" content=\"summary_large_image\" \/>\n<meta name=\"twitter:label1\" content=\"Becs\u00fclt olvas\u00e1si id\u0151\" \/>\n\t<meta name=\"twitter:data1\" content=\"3 perc\" \/>\n<script type=\"application\/ld+json\" class=\"yoast-schema-graph\">{\"@context\":\"https:\/\/schema.org\",\"@graph\":[{\"@type\":\"WebPage\",\"@id\":\"https:\/\/www.gymx.sk\/hu\/malik-aniko\/\",\"url\":\"https:\/\/www.gymx.sk\/hu\/malik-aniko\/\",\"name\":\"Malik Anik\u00f3 | GymX\",\"isPartOf\":{\"@id\":\"https:\/\/www.gymx.sk\/#website\"},\"primaryImageOfPage\":{\"@id\":\"https:\/\/www.gymx.sk\/hu\/malik-aniko\/#primaryimage\"},\"image\":{\"@id\":\"https:\/\/www.gymx.sk\/hu\/malik-aniko\/#primaryimage\"},\"thumbnailUrl\":\"https:\/\/www.gymx.sk\/wp-content\/uploads\/2025\/01\/aniko-malik_600x750px.jpg\",\"datePublished\":\"2025-01-13T12:35:22+00:00\",\"dateModified\":\"2025-01-13T14:11:56+00:00\",\"description\":\"Certifikovan\u00e1 tr\u00e9nerka funk\u010dn\u00e9ho tr\u00e9ningu (CFSC Level 1 - Michael Boyle) - Anik\u00f3 Malik. \u0160pecializuje sa na funk\u010dn\u00fd tr\u00e9ning, silov\u00fd tr\u00e9ning, mal\u00e9 skupinov\u00e9 tr\u00e9ningy (2-3), poradenstvo v oblasti zdrav\u00e9ho \u017eivotn\u00e9ho \u0161t\u00fdlu.\",\"breadcrumb\":{\"@id\":\"https:\/\/www.gymx.sk\/hu\/malik-aniko\/#breadcrumb\"},\"inLanguage\":\"hu\",\"potentialAction\":[{\"@type\":\"ReadAction\",\"target\":[\"https:\/\/www.gymx.sk\/hu\/malik-aniko\/\"]}]},{\"@type\":\"ImageObject\",\"inLanguage\":\"hu\",\"@id\":\"https:\/\/www.gymx.sk\/hu\/malik-aniko\/#primaryimage\",\"url\":\"https:\/\/www.gymx.sk\/wp-content\/uploads\/2025\/01\/aniko-malik_600x750px.jpg\",\"contentUrl\":\"https:\/\/www.gymx.sk\/wp-content\/uploads\/2025\/01\/aniko-malik_600x750px.jpg\"},{\"@type\":\"BreadcrumbList\",\"@id\":\"https:\/\/www.gymx.sk\/hu\/malik-aniko\/#breadcrumb\",\"itemListElement\":[{\"@type\":\"ListItem\",\"position\":1,\"name\":\"Domovsk\u00e1 str\u00e1nka\",\"item\":\"https:\/\/www.gymx.sk\/hu\/honlap\/\"},{\"@type\":\"ListItem\",\"position\":2,\"name\":\"Malik Anik\u00f3\"}]},{\"@type\":\"WebSite\",\"@id\":\"https:\/\/www.gymx.sk\/#website\",\"url\":\"https:\/\/www.gymx.sk\/\",\"name\":\"GymX\",\"description\":\"Tvoje svetov\u00e9 fitko!\",\"publisher\":{\"@id\":\"https:\/\/www.gymx.sk\/#organization\"},\"potentialAction\":[{\"@type\":\"SearchAction\",\"target\":{\"@type\":\"EntryPoint\",\"urlTemplate\":\"https:\/\/www.gymx.sk\/?s={search_term_string}\"},\"query-input\":{\"@type\":\"PropertyValueSpecification\",\"valueRequired\":true,\"valueName\":\"search_term_string\"}}],\"inLanguage\":\"hu\"},{\"@type\":\"Organization\",\"@id\":\"https:\/\/www.gymx.sk\/#organization\",\"name\":\"GymX\",\"url\":\"https:\/\/www.gymx.sk\/\",\"logo\":{\"@type\":\"ImageObject\",\"inLanguage\":\"hu\",\"@id\":\"https:\/\/www.gymx.sk\/#\/schema\/logo\/image\/\",\"url\":\"https:\/\/www.gymx.sk\/wp-content\/uploads\/2018\/04\/logo-header-medium-dark.png\",\"contentUrl\":\"https:\/\/www.gymx.sk\/wp-content\/uploads\/2018\/04\/logo-header-medium-dark.png\",\"width\":320,\"height\":178,\"caption\":\"GymX\"},\"image\":{\"@id\":\"https:\/\/www.gymx.sk\/#\/schema\/logo\/image\/\"}}]}<\/script>\n<!-- \/ Yoast SEO plugin. -->","yoast_head_json":{"title":"Malik Anik\u00f3 | GymX","description":"Certifikovan\u00e1 tr\u00e9nerka funk\u010dn\u00e9ho tr\u00e9ningu (CFSC Level 1 - Michael Boyle) - Anik\u00f3 Malik. \u0160pecializuje sa na funk\u010dn\u00fd tr\u00e9ning, silov\u00fd tr\u00e9ning, mal\u00e9 skupinov\u00e9 tr\u00e9ningy (2-3), poradenstvo v oblasti zdrav\u00e9ho \u017eivotn\u00e9ho \u0161t\u00fdlu.","robots":{"index":"index","follow":"follow","max-snippet":"max-snippet:-1","max-image-preview":"max-image-preview:large","max-video-preview":"max-video-preview:-1"},"canonical":"https:\/\/www.gymx.sk\/hu\/malik-aniko\/","og_locale":"hu_HU","og_type":"article","og_title":"Malik Anik\u00f3 | GymX","og_description":"Certifikovan\u00e1 tr\u00e9nerka funk\u010dn\u00e9ho tr\u00e9ningu (CFSC Level 1 - Michael Boyle) - Anik\u00f3 Malik. \u0160pecializuje sa na funk\u010dn\u00fd tr\u00e9ning, silov\u00fd tr\u00e9ning, mal\u00e9 skupinov\u00e9 tr\u00e9ningy (2-3), poradenstvo v oblasti zdrav\u00e9ho \u017eivotn\u00e9ho \u0161t\u00fdlu.","og_url":"https:\/\/www.gymx.sk\/hu\/malik-aniko\/","og_site_name":"GymX","article_modified_time":"2025-01-13T14:11:56+00:00","og_image":[{"width":600,"height":750,"url":"https:\/\/www.gymx.sk\/wp-content\/uploads\/2025\/01\/aniko-malik_600x750px.jpg","type":"image\/jpeg"}],"twitter_card":"summary_large_image","twitter_misc":{"Becs\u00fclt olvas\u00e1si id\u0151":"3 perc"},"schema":{"@context":"https:\/\/schema.org","@graph":[{"@type":"WebPage","@id":"https:\/\/www.gymx.sk\/hu\/malik-aniko\/","url":"https:\/\/www.gymx.sk\/hu\/malik-aniko\/","name":"Malik Anik\u00f3 | GymX","isPartOf":{"@id":"https:\/\/www.gymx.sk\/#website"},"primaryImageOfPage":{"@id":"https:\/\/www.gymx.sk\/hu\/malik-aniko\/#primaryimage"},"image":{"@id":"https:\/\/www.gymx.sk\/hu\/malik-aniko\/#primaryimage"},"thumbnailUrl":"https:\/\/www.gymx.sk\/wp-content\/uploads\/2025\/01\/aniko-malik_600x750px.jpg","datePublished":"2025-01-13T12:35:22+00:00","dateModified":"2025-01-13T14:11:56+00:00","description":"Certifikovan\u00e1 tr\u00e9nerka funk\u010dn\u00e9ho tr\u00e9ningu (CFSC Level 1 - Michael Boyle) - Anik\u00f3 Malik. \u0160pecializuje sa na funk\u010dn\u00fd tr\u00e9ning, silov\u00fd tr\u00e9ning, mal\u00e9 skupinov\u00e9 tr\u00e9ningy (2-3), poradenstvo v oblasti zdrav\u00e9ho \u017eivotn\u00e9ho \u0161t\u00fdlu.","breadcrumb":{"@id":"https:\/\/www.gymx.sk\/hu\/malik-aniko\/#breadcrumb"},"inLanguage":"hu","potentialAction":[{"@type":"ReadAction","target":["https:\/\/www.gymx.sk\/hu\/malik-aniko\/"]}]},{"@type":"ImageObject","inLanguage":"hu","@id":"https:\/\/www.gymx.sk\/hu\/malik-aniko\/#primaryimage","url":"https:\/\/www.gymx.sk\/wp-content\/uploads\/2025\/01\/aniko-malik_600x750px.jpg","contentUrl":"https:\/\/www.gymx.sk\/wp-content\/uploads\/2025\/01\/aniko-malik_600x750px.jpg"},{"@type":"BreadcrumbList","@id":"https:\/\/www.gymx.sk\/hu\/malik-aniko\/#breadcrumb","itemListElement":[{"@type":"ListItem","position":1,"name":"Domovsk\u00e1 str\u00e1nka","item":"https:\/\/www.gymx.sk\/hu\/honlap\/"},{"@type":"ListItem","position":2,"name":"Malik Anik\u00f3"}]},{"@type":"WebSite","@id":"https:\/\/www.gymx.sk\/#website","url":"https:\/\/www.gymx.sk\/","name":"GymX","description":"Tvoje svetov\u00e9 fitko!","publisher":{"@id":"https:\/\/www.gymx.sk\/#organization"},"potentialAction":[{"@type":"SearchAction","target":{"@type":"EntryPoint","urlTemplate":"https:\/\/www.gymx.sk\/?s={search_term_string}"},"query-input":{"@type":"PropertyValueSpecification","valueRequired":true,"valueName":"search_term_string"}}],"inLanguage":"hu"},{"@type":"Organization","@id":"https:\/\/www.gymx.sk\/#organization","name":"GymX","url":"https:\/\/www.gymx.sk\/","logo":{"@type":"ImageObject","inLanguage":"hu","@id":"https:\/\/www.gymx.sk\/#\/schema\/logo\/image\/","url":"https:\/\/www.gymx.sk\/wp-content\/uploads\/2018\/04\/logo-header-medium-dark.png","contentUrl":"https:\/\/www.gymx.sk\/wp-content\/uploads\/2018\/04\/logo-header-medium-dark.png","width":320,"height":178,"caption":"GymX"},"image":{"@id":"https:\/\/www.gymx.sk\/#\/schema\/logo\/image\/"}}]}},"_links":{"self":[{"href":"https:\/\/www.gymx.sk\/hu\/wp-json\/wp\/v2\/pages\/2751"}],"collection":[{"href":"https:\/\/www.gymx.sk\/hu\/wp-json\/wp\/v2\/pages"}],"about":[{"href":"https:\/\/www.gymx.sk\/hu\/wp-json\/wp\/v2\/types\/page"}],"author":[{"embeddable":true,"href":"https:\/\/www.gymx.sk\/hu\/wp-json\/wp\/v2\/users\/1"}],"replies":[{"embeddable":true,"href":"https:\/\/www.gymx.sk\/hu\/wp-json\/wp\/v2\/comments?post=2751"}],"version-history":[{"count":4,"href":"https:\/\/www.gymx.sk\/hu\/wp-json\/wp\/v2\/pages\/2751\/revisions"}],"predecessor-version":[{"id":2759,"href":"https:\/\/www.gymx.sk\/hu\/wp-json\/wp\/v2\/pages\/2751\/revisions\/2759"}],"wp:attachment":[{"href":"https:\/\/www.gymx.sk\/hu\/wp-json\/wp\/v2\/media?parent=2751"}],"curies":[{"name":"wp","href":"https:\/\/api.w.org\/{rel}","templated":true}]}}