{"id":2801,"date":"2025-07-31T13:30:36","date_gmt":"2025-07-31T11:30:36","guid":{"rendered":"https:\/\/www.gymx.sk\/alexander-nagy\/"},"modified":"2025-07-31T13:35:12","modified_gmt":"2025-07-31T11:35:12","slug":"alexander-nagy","status":"publish","type":"page","link":"https:\/\/www.gymx.sk\/hu\/alexander-nagy\/","title":{"rendered":"Alexander Nagy"},"content":{"rendered":"<div class=\"wpb-content-wrapper\"><p>[vc_row css_animation=&#8221;&#8221; row_type=&#8221;row&#8221; use_row_as_full_screen_section=&#8221;no&#8221; type=&#8221;full_width&#8221; angled_section=&#8221;no&#8221; text_align=&#8221;left&#8221; background_image_as_pattern=&#8221;without_pattern&#8221; css=&#8221;.vc_custom_1716366216446{padding-top: 50px !important;padding-bottom: 50px !important;}&#8221; z_index=&#8221;&#8221;][vc_column width=&#8221;1\/2&#8243;][vc_column_text]<img loading=\"lazy\" decoding=\"async\" class=\"aligncenter wp-image-2797\" src=\"https:\/\/www.gymx.sk\/wp-content\/uploads\/2025\/07\/alexander-nagy_600x750px-240x300.jpg\" alt=\"\" width=\"520\" height=\"650\" srcset=\"https:\/\/www.gymx.sk\/wp-content\/uploads\/2025\/07\/alexander-nagy_600x750px-240x300.jpg 240w, https:\/\/www.gymx.sk\/wp-content\/uploads\/2025\/07\/alexander-nagy_600x750px.jpg 600w\" sizes=\"(max-width: 520px) 100vw, 520px\" \/>[\/vc_column_text][\/vc_column][vc_column width=&#8221;1\/2&#8243;][vc_row_inner row_type=&#8221;row&#8221; type=&#8221;full_width&#8221; text_align=&#8221;left&#8221; css_animation=&#8221;&#8221;][vc_column_inner width=&#8221;1\/2&#8243;][vc_column_text css=&#8221;.vc_custom_1753879478605{padding-top: 15px !important;padding-bottom: 15px !important;}&#8221;]<\/p>\n<h2 style=\"text-align: left;\">Alexander Nagy<\/h2>\n<p>[\/vc_column_text][\/vc_column_inner][vc_column_inner width=&#8221;1\/2&#8243;][vc_column_text css=&#8221;.vc_custom_1753879529755{padding-top: 15px !important;padding-bottom: 15px !important;}&#8221;]<\/p>\n<p style=\"text-align: left;\"><a href=\"https:\/\/www.instagram.com\/nagyalexander98\/\" target=\"_blank\" rel=\"noopener\"><img loading=\"lazy\" decoding=\"async\" class=\"wp-image-1751 alignnone\" src=\"https:\/\/www.gymx.sk\/wp-content\/uploads\/2018\/04\/Instagram_icon.png\" alt=\"\" width=\"36\" height=\"36\"><\/a><\/p>\n<p>[\/vc_column_text][\/vc_column_inner][\/vc_row_inner][vc_row_inner row_type=&#8221;row&#8221; type=&#8221;full_width&#8221; text_align=&#8221;left&#8221; css_animation=&#8221;&#8221;][vc_column_inner][vc_column_text css=&#8221;.vc_custom_1753879569732{padding-top: 15px !important;padding-bottom: 15px !important;}&#8221;]<\/p>\n<p style=\"text-align: left;\"><img loading=\"lazy\" decoding=\"async\" class=\"alignleft wp-image-2327\" src=\"https:\/\/www.gymx.sk\/wp-content\/uploads\/2024\/05\/arrows_right.png\" alt=\"\" width=\"28\" height=\"38\">Tel: 0908472232<br \/>\nemail:<\/p>\n<p>[\/vc_column_text][\/vc_column_inner][\/vc_row_inner][vc_column_text css=&#8221;.vc_custom_1753879890335{padding-top: 0px !important;padding-bottom: 15px !important;}&#8221;]<\/p>\n<p data-start=\"99\" data-end=\"436\">Tan\u00fas\u00edtott 1. szint\u0171 er\u0151nl\u00e9ti edz\u0151 vagyok, t\u00f6bb\u00e9ves tapasztalattal \u00e9s akt\u00edv \u00e9rdekl\u0151d\u00e9ssel a fitnesz \u00e9s sportfelk\u00e9sz\u00edt\u00e9s ter\u00fclet\u00e9n. A sport gyerekkorom \u00f3ta szerves r\u00e9sze az \u00e9letemnek. Futballistak\u00e9nt \u00e9s floorball j\u00e1t\u00e9kosk\u00e9nt sportgimn\u00e1ziumba j\u00e1rtam, \u00e9s 17 \u00e9vesen Szlov\u00e1ki\u00e1t k\u00e9pviseltem floorballban.   <\/p>\n<p data-start=\"438\" data-end=\"754\">C\u00e9lom a kond\u00edci\u00f3 \u00e9s er\u0151nl\u00e9t jav\u00edt\u00e1sa, a test form\u00e1l\u00e1sa, valamint az el\u00e9rt eredm\u00e9nyek hossz\u00fa t\u00e1v\u00fa fenntart\u00e1sa. Arra t\u00f6rekszem, hogy minden \u00fcgyfelem er\u0151sebbnek, eg\u00e9szs\u00e9gesebbnek \u00e9s motiv\u00e1ltabbnak \u00e9rezze mag\u00e1t \u2013 f\u00fcggetlen\u00fcl att\u00f3l, milyen szinten van. Az edz\u00e9seimet mindig az egy\u00e9ni ig\u00e9nyekhez, c\u00e9lokhoz \u00e9s eg\u00e9szs\u00e9gi \u00e1llapothoz igaz\u00edtom. <\/p>\n<p>[\/vc_column_text]<div id=\"ultimate-heading-526469ed2227bbae2\" class=\"uvc-heading ult-adjust-bottom-margin ultimate-heading-526469ed2227bbae2 uvc-8714 \" data-hspacer=\"no_spacer\"  data-halign=\"left\" style=\"text-align:left\"><div class=\"uvc-heading-spacer no_spacer\" style=\"top\"><\/div><div class=\"uvc-main-heading ult-responsive\"  data-ultimate-target='.uvc-heading.ultimate-heading-526469ed2227bbae2 h2'  data-responsive-json-new='{\"font-size\":\"desktop:14px;\",\"line-height\":\"\"}' ><h2 style=\"font-weight:bold;color:#d2fd4e;\">Amivel foglalkozom:<\/h2><\/div><\/div>[vc_column_text css=&#8221;.vc_custom_1753879757580{padding-top: 15px !important;padding-bottom: 15px !important;}&#8221;]<\/p>\n<ul>\n<li class=\"v1MsoNormal\">testform\u00e1l\u00e1s \u00e9s izomer\u0151s\u00edt\u00e9s<\/li>\n<li class=\"v1MsoNormal\">er\u0151edz\u00e9s<\/li>\n<li class=\"v1MsoNormal\">\u00e1ll\u00f3k\u00e9pess\u00e9g-fejleszt\u00e9s<\/li>\n<li class=\"v1MsoNormal\">zs\u00edr\u00e9get\u00e9s \u00e9s izomt\u00f6meg-n\u00f6vel\u00e9s<\/li>\n<li class=\"v1MsoNormal\">funkcion\u00e1lis mozg\u00e1s \u00e9s s\u00e9r\u00fcl\u00e9smegel\u0151z\u00e9s<\/li>\n<\/ul>\n<p>[\/vc_column_text]<div id=\"ultimate-heading-975969ed2227bbb31\" class=\"uvc-heading ult-adjust-bottom-margin ultimate-heading-975969ed2227bbb31 uvc-1842 \" data-hspacer=\"no_spacer\"  data-halign=\"left\" style=\"text-align:left\"><div class=\"uvc-heading-spacer no_spacer\" style=\"top\"><\/div><div class=\"uvc-main-heading ult-responsive\"  data-ultimate-target='.uvc-heading.ultimate-heading-975969ed2227bbb31 h2'  data-responsive-json-new='{\"font-size\":\"desktop:14px;\",\"line-height\":\"\"}' ><h2 style=\"font-weight:bold;color:#d2fd4e;\">Az edz\u00e9seket a k\u00f6vetkez\u0151 nyelveken tartom:<\/h2><\/div><\/div>[vc_column_text css=&#8221;.vc_custom_1753879805911{padding-top: 15px !important;}&#8221;]<img loading=\"lazy\" decoding=\"async\" class=\"alignnone wp-image-2200\" src=\"https:\/\/www.gymx.sk\/wp-content\/uploads\/2024\/05\/hungary-flag-round-circle-icon-300x300.png\" alt=\"\" width=\"32\" height=\"32\" srcset=\"https:\/\/www.gymx.sk\/wp-content\/uploads\/2024\/05\/hungary-flag-round-circle-icon-300x300.png 300w, https:\/\/www.gymx.sk\/wp-content\/uploads\/2024\/05\/hungary-flag-round-circle-icon-150x150.png 150w, https:\/\/www.gymx.sk\/wp-content\/uploads\/2024\/05\/hungary-flag-round-circle-icon-500x512.png 500w, https:\/\/www.gymx.sk\/wp-content\/uploads\/2024\/05\/hungary-flag-round-circle-icon.png 512w\" sizes=\"(max-width: 32px) 100vw, 32px\" \/>  <img loading=\"lazy\" decoding=\"async\" class=\"alignnone wp-image-2197\" src=\"https:\/\/www.gymx.sk\/wp-content\/uploads\/2024\/05\/slovakia-flag-round-circle-icon-300x300.png\" alt=\"\" width=\"32\" height=\"32\" srcset=\"https:\/\/www.gymx.sk\/wp-content\/uploads\/2024\/05\/slovakia-flag-round-circle-icon-300x300.png 300w, https:\/\/www.gymx.sk\/wp-content\/uploads\/2024\/05\/slovakia-flag-round-circle-icon-150x150.png 150w, https:\/\/www.gymx.sk\/wp-content\/uploads\/2024\/05\/slovakia-flag-round-circle-icon-500x512.png 500w, https:\/\/www.gymx.sk\/wp-content\/uploads\/2024\/05\/slovakia-flag-round-circle-icon.png 512w\" sizes=\"(max-width: 32px) 100vw, 32px\" \/>  <img loading=\"lazy\" decoding=\"async\" class=\"alignnone wp-image-2194\" src=\"https:\/\/www.gymx.sk\/wp-content\/uploads\/2024\/05\/uk-flag-round-circle-icon-300x300.png\" alt=\"\" width=\"32\" height=\"32\" srcset=\"https:\/\/www.gymx.sk\/wp-content\/uploads\/2024\/05\/uk-flag-round-circle-icon-300x300.png 300w, https:\/\/www.gymx.sk\/wp-content\/uploads\/2024\/05\/uk-flag-round-circle-icon-150x150.png 150w, https:\/\/www.gymx.sk\/wp-content\/uploads\/2024\/05\/uk-flag-round-circle-icon-500x512.png 500w, https:\/\/www.gymx.sk\/wp-content\/uploads\/2024\/05\/uk-flag-round-circle-icon.png 512w\" sizes=\"(max-width: 32px) 100vw, 32px\" \/>[\/vc_column_text][\/vc_column][\/vc_row][vc_row css_animation=&#8221;&#8221; row_type=&#8221;row&#8221; use_row_as_full_screen_section=&#8221;no&#8221; type=&#8221;grid&#8221; angled_section=&#8221;no&#8221; text_align=&#8221;left&#8221; background_image_as_pattern=&#8221;without_pattern&#8221; bg_type=&#8221;bg_color&#8221; bg_override=&#8221;full&#8221; bg_color_value=&#8221;#141414&#8243; z_index=&#8221;&#8221; css=&#8221;.vc_custom_1716366236676{padding-top: 30px !important;padding-bottom: 50px !important;}&#8221;][vc_column width=&#8221;1\/4&#8243; css=&#8221;.vc_custom_1705060753050{margin-top: 20px !important;}&#8221;][vc_column_text]<img loading=\"lazy\" decoding=\"async\" class=\"alignnone wp-image-873\" src=\"https:\/\/www.gymx.sk\/wp-content\/uploads\/2018\/04\/logo-header-medium-300x167.png\" alt=\"\" width=\"180\" height=\"100\" srcset=\"https:\/\/www.gymx.sk\/wp-content\/uploads\/2018\/04\/logo-header-medium-300x167.png 300w, https:\/\/www.gymx.sk\/wp-content\/uploads\/2018\/04\/logo-header-medium.png 320w\" sizes=\"(max-width: 180px) 100vw, 180px\" \/>[\/vc_column_text][\/vc_column][vc_column width=&#8221;1\/4&#8243; css=&#8221;.vc_custom_1705060763291{margin-top: 20px !important;}&#8221;][vc_column_text css=&#8221;.vc_custom_1705060851220{padding-bottom: 12px !important;}&#8221;]<\/p>\n<h6><strong>Kapcsolat<\/strong><\/h6>\n<p>[\/vc_column_text][vc_column_text css=&#8221;.vc_custom_1705060861308{padding-bottom: 7px !important;}&#8221;]email: <a href=\"mailto:info@gymx.sk\">info@gymx.sk<\/a>[\/vc_column_text][vc_column_text]c\u00edm: R\u00e1k\u00f3czi utca 233,[\/vc_column_text][vc_column_text]945 01 Kom\u00e1rno[\/vc_column_text][\/vc_column][vc_column width=&#8221;1\/4&#8243; css=&#8221;.vc_custom_1705060774332{margin-top: 20px !important;}&#8221;][vc_column_text css=&#8221;.vc_custom_1705056733892{padding-bottom: 12px !important;}&#8221;]<\/p>\n<h6><strong>Hasznos linkek<\/strong><\/h6>\n<p>[\/vc_column_text][vc_column_text css=&#8221;.vc_custom_1705844395685{padding-bottom: 7px !important;}&#8221;]<a href=\"https:\/\/www.gymx.sk\/hu\/tobb-a-suti-fajlokrol\/\">S\u00fctiket haszn\u00e1lunk<\/a>[\/vc_column_text][vc_column_text css=&#8221;.vc_custom_1705056759260{padding-bottom: 7px !important;}&#8221;]<a href=\"https:\/\/www.gymx.sk\/hu\/szemelyes-adatok-vedelme\/\">Szem\u00e9lyes adatok v\u00e9delme<\/a>[\/vc_column_text][vc_column_text]<a href=\"https:\/\/www.gymx.sk\/hu\/altalanos-szerzodesi-feltetelek\/\">\u00c1ltal\u00e1nos szerz\u00f6d\u00e9si felt\u00e9telek<\/a>[\/vc_column_text][\/vc_column][vc_column width=&#8221;1\/4&#8243; css=&#8221;.vc_custom_1705060785541{margin-top: 20px !important;}&#8221;][vc_column_text css=&#8221;.vc_custom_1705056772722{padding-bottom: 12px !important;}&#8221;]<\/p>\n<h5>K\u00f6vess minket<\/h5>\n<p>[\/vc_column_text]<span class='q_social_icon_holder normal_social' data-color=#767676 data-hover-color=#d2fd4e><a itemprop='url' href='https:\/\/www.instagram.com\/gymx_komarno\/' target='_blank'><i class=\"qode_icon_font_awesome fa fa-instagram  simple_social\" style=\"color: #767676;font-size: 30px;\" ><\/i><\/a><\/span><span class='q_social_icon_holder normal_social' data-color=#767676 data-hover-color=#d2fd4e><a itemprop='url' href='https:\/\/www.facebook.com\/profile.php?id=61555695323728' target='_blank'><i class=\"qode_icon_font_awesome fa fa-facebook  simple_social\" style=\"color: #767676;font-size: 30px;\" ><\/i><\/a><\/span>[\/vc_column][\/vc_row]<\/p>\n<\/div>","protected":false},"excerpt":{"rendered":"<p>[vc_row css_animation=&#8221;&#8221; row_type=&#8221;row&#8221; use_row_as_full_screen_section=&#8221;no&#8221; type=&#8221;full_width&#8221; angled_section=&#8221;no&#8221; text_align=&#8221;left&#8221; background_image_as_pattern=&#8221;without_pattern&#8221; css=&#8221;.vc_custom_1716366216446{padding-top: 50px !important;padding-bottom: 50px !important;}&#8221; z_index=&#8221;&#8221;][vc_column width=&#8221;1\/2&#8243;][vc_column_text][\/vc_column_text][\/vc_column][vc_column width=&#8221;1\/2&#8243;][vc_row_inner row_type=&#8221;row&#8221; type=&#8221;full_width&#8221; text_align=&#8221;left&#8221; css_animation=&#8221;&#8221;][vc_column_inner width=&#8221;1\/2&#8243;][vc_column_text css=&#8221;.vc_custom_1753879478605{padding-top: 15px !important;padding-bottom: 15px !important;}&#8221;] Alexander Nagy [\/vc_column_text][\/vc_column_inner][vc_column_inner width=&#8221;1\/2&#8243;][vc_column_text css=&#8221;.vc_custom_1753879529755{padding-top: 15px !important;padding-bottom: 15px !important;}&#8221;] [\/vc_column_text][\/vc_column_inner][\/vc_row_inner][vc_row_inner row_type=&#8221;row&#8221; type=&#8221;full_width&#8221; text_align=&#8221;left&#8221; css_animation=&#8221;&#8221;][vc_column_inner][vc_column_text css=&#8221;.vc_custom_1753879569732{padding-top: 15px !important;padding-bottom: 15px !important;}&#8221;]&#8230;<\/p>\n","protected":false},"author":1,"featured_media":0,"parent":0,"menu_order":0,"comment_status":"closed","ping_status":"closed","template":"","meta":{"footnotes":""},"class_list":["post-2801","page","type-page","status-publish","hentry"],"yoast_head":"<!-- This site is optimized with the Yoast SEO plugin v23.7 - https:\/\/yoast.com\/wordpress\/plugins\/seo\/ -->\n<title>Alexander Nagy | GymX<\/title>\n<meta name=\"robots\" content=\"index, follow, max-snippet:-1, max-image-preview:large, max-video-preview:-1\" \/>\n<link rel=\"canonical\" href=\"https:\/\/www.gymx.sk\/hu\/alexander-nagy\/\" \/>\n<meta property=\"og:locale\" content=\"hu_HU\" \/>\n<meta property=\"og:type\" content=\"article\" \/>\n<meta property=\"og:title\" content=\"Alexander Nagy | GymX\" \/>\n<meta property=\"og:description\" content=\"[vc_row css_animation=&#8221;&#8221; row_type=&#8221;row&#8221; use_row_as_full_screen_section=&#8221;no&#8221; type=&#8221;full_width&#8221; angled_section=&#8221;no&#8221; text_align=&#8221;left&#8221; background_image_as_pattern=&#8221;without_pattern&#8221; css=&#8221;.vc_custom_1716366216446{padding-top: 50px !important;padding-bottom: 50px !important;}&#8221; z_index=&#8221;&#8221;][vc_column width=&#8221;1\/2&#8243;][vc_column_text][\/vc_column_text][\/vc_column][vc_column width=&#8221;1\/2&#8243;][vc_row_inner row_type=&#8221;row&#8221; type=&#8221;full_width&#8221; text_align=&#8221;left&#8221; css_animation=&#8221;&#8221;][vc_column_inner width=&#8221;1\/2&#8243;][vc_column_text css=&#8221;.vc_custom_1753879478605{padding-top: 15px !important;padding-bottom: 15px !important;}&#8221;] Alexander Nagy [\/vc_column_text][\/vc_column_inner][vc_column_inner width=&#8221;1\/2&#8243;][vc_column_text css=&#8221;.vc_custom_1753879529755{padding-top: 15px !important;padding-bottom: 15px !important;}&#8221;] [\/vc_column_text][\/vc_column_inner][\/vc_row_inner][vc_row_inner row_type=&#8221;row&#8221; type=&#8221;full_width&#8221; text_align=&#8221;left&#8221; css_animation=&#8221;&#8221;][vc_column_inner][vc_column_text css=&#8221;.vc_custom_1753879569732{padding-top: 15px !important;padding-bottom: 15px !important;}&#8221;]...\" \/>\n<meta property=\"og:url\" content=\"https:\/\/www.gymx.sk\/hu\/alexander-nagy\/\" \/>\n<meta property=\"og:site_name\" content=\"GymX\" \/>\n<meta property=\"article:modified_time\" content=\"2025-07-31T11:35:12+00:00\" \/>\n<meta property=\"og:image\" content=\"https:\/\/www.gymx.sk\/wp-content\/uploads\/2025\/07\/alexander-nagy_600x750px.jpg\" \/>\n\t<meta property=\"og:image:width\" content=\"600\" \/>\n\t<meta property=\"og:image:height\" content=\"750\" \/>\n\t<meta property=\"og:image:type\" content=\"image\/jpeg\" \/>\n<meta name=\"twitter:card\" content=\"summary_large_image\" \/>\n<meta name=\"twitter:label1\" content=\"Becs\u00fclt olvas\u00e1si id\u0151\" \/>\n\t<meta name=\"twitter:data1\" content=\"4 perc\" \/>\n<script type=\"application\/ld+json\" class=\"yoast-schema-graph\">{\"@context\":\"https:\/\/schema.org\",\"@graph\":[{\"@type\":\"WebPage\",\"@id\":\"https:\/\/www.gymx.sk\/hu\/alexander-nagy\/\",\"url\":\"https:\/\/www.gymx.sk\/hu\/alexander-nagy\/\",\"name\":\"Alexander Nagy | GymX\",\"isPartOf\":{\"@id\":\"https:\/\/www.gymx.sk\/#website\"},\"primaryImageOfPage\":{\"@id\":\"https:\/\/www.gymx.sk\/hu\/alexander-nagy\/#primaryimage\"},\"image\":{\"@id\":\"https:\/\/www.gymx.sk\/hu\/alexander-nagy\/#primaryimage\"},\"thumbnailUrl\":\"https:\/\/www.gymx.sk\/wp-content\/uploads\/2025\/07\/alexander-nagy_600x750px-240x300.jpg\",\"datePublished\":\"2025-07-31T11:30:36+00:00\",\"dateModified\":\"2025-07-31T11:35:12+00:00\",\"breadcrumb\":{\"@id\":\"https:\/\/www.gymx.sk\/hu\/alexander-nagy\/#breadcrumb\"},\"inLanguage\":\"hu\",\"potentialAction\":[{\"@type\":\"ReadAction\",\"target\":[\"https:\/\/www.gymx.sk\/hu\/alexander-nagy\/\"]}]},{\"@type\":\"ImageObject\",\"inLanguage\":\"hu\",\"@id\":\"https:\/\/www.gymx.sk\/hu\/alexander-nagy\/#primaryimage\",\"url\":\"https:\/\/www.gymx.sk\/wp-content\/uploads\/2025\/07\/alexander-nagy_600x750px-240x300.jpg\",\"contentUrl\":\"https:\/\/www.gymx.sk\/wp-content\/uploads\/2025\/07\/alexander-nagy_600x750px-240x300.jpg\"},{\"@type\":\"BreadcrumbList\",\"@id\":\"https:\/\/www.gymx.sk\/hu\/alexander-nagy\/#breadcrumb\",\"itemListElement\":[{\"@type\":\"ListItem\",\"position\":1,\"name\":\"Domovsk\u00e1 str\u00e1nka\",\"item\":\"https:\/\/www.gymx.sk\/hu\/honlap\/\"},{\"@type\":\"ListItem\",\"position\":2,\"name\":\"Alexander Nagy\"}]},{\"@type\":\"WebSite\",\"@id\":\"https:\/\/www.gymx.sk\/#website\",\"url\":\"https:\/\/www.gymx.sk\/\",\"name\":\"GymX\",\"description\":\"Tvoje svetov\u00e9 fitko!\",\"publisher\":{\"@id\":\"https:\/\/www.gymx.sk\/#organization\"},\"potentialAction\":[{\"@type\":\"SearchAction\",\"target\":{\"@type\":\"EntryPoint\",\"urlTemplate\":\"https:\/\/www.gymx.sk\/?s={search_term_string}\"},\"query-input\":{\"@type\":\"PropertyValueSpecification\",\"valueRequired\":true,\"valueName\":\"search_term_string\"}}],\"inLanguage\":\"hu\"},{\"@type\":\"Organization\",\"@id\":\"https:\/\/www.gymx.sk\/#organization\",\"name\":\"GymX\",\"url\":\"https:\/\/www.gymx.sk\/\",\"logo\":{\"@type\":\"ImageObject\",\"inLanguage\":\"hu\",\"@id\":\"https:\/\/www.gymx.sk\/#\/schema\/logo\/image\/\",\"url\":\"https:\/\/www.gymx.sk\/wp-content\/uploads\/2018\/04\/logo-header-medium-dark.png\",\"contentUrl\":\"https:\/\/www.gymx.sk\/wp-content\/uploads\/2018\/04\/logo-header-medium-dark.png\",\"width\":320,\"height\":178,\"caption\":\"GymX\"},\"image\":{\"@id\":\"https:\/\/www.gymx.sk\/#\/schema\/logo\/image\/\"}}]}<\/script>\n<!-- \/ Yoast SEO plugin. -->","yoast_head_json":{"title":"Alexander Nagy | GymX","robots":{"index":"index","follow":"follow","max-snippet":"max-snippet:-1","max-image-preview":"max-image-preview:large","max-video-preview":"max-video-preview:-1"},"canonical":"https:\/\/www.gymx.sk\/hu\/alexander-nagy\/","og_locale":"hu_HU","og_type":"article","og_title":"Alexander Nagy | GymX","og_description":"[vc_row css_animation=&#8221;&#8221; row_type=&#8221;row&#8221; use_row_as_full_screen_section=&#8221;no&#8221; type=&#8221;full_width&#8221; angled_section=&#8221;no&#8221; text_align=&#8221;left&#8221; background_image_as_pattern=&#8221;without_pattern&#8221; css=&#8221;.vc_custom_1716366216446{padding-top: 50px !important;padding-bottom: 50px !important;}&#8221; z_index=&#8221;&#8221;][vc_column width=&#8221;1\/2&#8243;][vc_column_text][\/vc_column_text][\/vc_column][vc_column width=&#8221;1\/2&#8243;][vc_row_inner row_type=&#8221;row&#8221; type=&#8221;full_width&#8221; text_align=&#8221;left&#8221; css_animation=&#8221;&#8221;][vc_column_inner width=&#8221;1\/2&#8243;][vc_column_text css=&#8221;.vc_custom_1753879478605{padding-top: 15px !important;padding-bottom: 15px !important;}&#8221;] Alexander Nagy [\/vc_column_text][\/vc_column_inner][vc_column_inner width=&#8221;1\/2&#8243;][vc_column_text css=&#8221;.vc_custom_1753879529755{padding-top: 15px !important;padding-bottom: 15px !important;}&#8221;] [\/vc_column_text][\/vc_column_inner][\/vc_row_inner][vc_row_inner row_type=&#8221;row&#8221; type=&#8221;full_width&#8221; text_align=&#8221;left&#8221; css_animation=&#8221;&#8221;][vc_column_inner][vc_column_text css=&#8221;.vc_custom_1753879569732{padding-top: 15px !important;padding-bottom: 15px !important;}&#8221;]...","og_url":"https:\/\/www.gymx.sk\/hu\/alexander-nagy\/","og_site_name":"GymX","article_modified_time":"2025-07-31T11:35:12+00:00","og_image":[{"width":600,"height":750,"url":"https:\/\/www.gymx.sk\/wp-content\/uploads\/2025\/07\/alexander-nagy_600x750px.jpg","type":"image\/jpeg"}],"twitter_card":"summary_large_image","twitter_misc":{"Becs\u00fclt olvas\u00e1si id\u0151":"4 perc"},"schema":{"@context":"https:\/\/schema.org","@graph":[{"@type":"WebPage","@id":"https:\/\/www.gymx.sk\/hu\/alexander-nagy\/","url":"https:\/\/www.gymx.sk\/hu\/alexander-nagy\/","name":"Alexander Nagy | GymX","isPartOf":{"@id":"https:\/\/www.gymx.sk\/#website"},"primaryImageOfPage":{"@id":"https:\/\/www.gymx.sk\/hu\/alexander-nagy\/#primaryimage"},"image":{"@id":"https:\/\/www.gymx.sk\/hu\/alexander-nagy\/#primaryimage"},"thumbnailUrl":"https:\/\/www.gymx.sk\/wp-content\/uploads\/2025\/07\/alexander-nagy_600x750px-240x300.jpg","datePublished":"2025-07-31T11:30:36+00:00","dateModified":"2025-07-31T11:35:12+00:00","breadcrumb":{"@id":"https:\/\/www.gymx.sk\/hu\/alexander-nagy\/#breadcrumb"},"inLanguage":"hu","potentialAction":[{"@type":"ReadAction","target":["https:\/\/www.gymx.sk\/hu\/alexander-nagy\/"]}]},{"@type":"ImageObject","inLanguage":"hu","@id":"https:\/\/www.gymx.sk\/hu\/alexander-nagy\/#primaryimage","url":"https:\/\/www.gymx.sk\/wp-content\/uploads\/2025\/07\/alexander-nagy_600x750px-240x300.jpg","contentUrl":"https:\/\/www.gymx.sk\/wp-content\/uploads\/2025\/07\/alexander-nagy_600x750px-240x300.jpg"},{"@type":"BreadcrumbList","@id":"https:\/\/www.gymx.sk\/hu\/alexander-nagy\/#breadcrumb","itemListElement":[{"@type":"ListItem","position":1,"name":"Domovsk\u00e1 str\u00e1nka","item":"https:\/\/www.gymx.sk\/hu\/honlap\/"},{"@type":"ListItem","position":2,"name":"Alexander Nagy"}]},{"@type":"WebSite","@id":"https:\/\/www.gymx.sk\/#website","url":"https:\/\/www.gymx.sk\/","name":"GymX","description":"Tvoje svetov\u00e9 fitko!","publisher":{"@id":"https:\/\/www.gymx.sk\/#organization"},"potentialAction":[{"@type":"SearchAction","target":{"@type":"EntryPoint","urlTemplate":"https:\/\/www.gymx.sk\/?s={search_term_string}"},"query-input":{"@type":"PropertyValueSpecification","valueRequired":true,"valueName":"search_term_string"}}],"inLanguage":"hu"},{"@type":"Organization","@id":"https:\/\/www.gymx.sk\/#organization","name":"GymX","url":"https:\/\/www.gymx.sk\/","logo":{"@type":"ImageObject","inLanguage":"hu","@id":"https:\/\/www.gymx.sk\/#\/schema\/logo\/image\/","url":"https:\/\/www.gymx.sk\/wp-content\/uploads\/2018\/04\/logo-header-medium-dark.png","contentUrl":"https:\/\/www.gymx.sk\/wp-content\/uploads\/2018\/04\/logo-header-medium-dark.png","width":320,"height":178,"caption":"GymX"},"image":{"@id":"https:\/\/www.gymx.sk\/#\/schema\/logo\/image\/"}}]}},"_links":{"self":[{"href":"https:\/\/www.gymx.sk\/hu\/wp-json\/wp\/v2\/pages\/2801"}],"collection":[{"href":"https:\/\/www.gymx.sk\/hu\/wp-json\/wp\/v2\/pages"}],"about":[{"href":"https:\/\/www.gymx.sk\/hu\/wp-json\/wp\/v2\/types\/page"}],"author":[{"embeddable":true,"href":"https:\/\/www.gymx.sk\/hu\/wp-json\/wp\/v2\/users\/1"}],"replies":[{"embeddable":true,"href":"https:\/\/www.gymx.sk\/hu\/wp-json\/wp\/v2\/comments?post=2801"}],"version-history":[{"count":2,"href":"https:\/\/www.gymx.sk\/hu\/wp-json\/wp\/v2\/pages\/2801\/revisions"}],"predecessor-version":[{"id":2803,"href":"https:\/\/www.gymx.sk\/hu\/wp-json\/wp\/v2\/pages\/2801\/revisions\/2803"}],"wp:attachment":[{"href":"https:\/\/www.gymx.sk\/hu\/wp-json\/wp\/v2\/media?parent=2801"}],"curies":[{"name":"wp","href":"https:\/\/api.w.org\/{rel}","templated":true}]}}